{"id":572164,"date":"2022-05-18T13:54:11","date_gmt":"2022-05-18T10:54:11","guid":{"rendered":"http:\/\/games.tactic.net\/tuote\/vi-laerer-oss-folelser\/"},"modified":"2024-01-11T12:54:16","modified_gmt":"2024-01-11T10:54:16","slug":"vi-laerer-oss-folelser","status":"publish","type":"product","link":"https:\/\/games.tactic.net\/no\/tuote\/vi-laerer-oss-folelser\/","title":{"rendered":"Vi l\u00e6rer oss F\u00f8lelser"},"content":{"rendered":"<p>La oss l\u00e6re om f\u00f8lelser sammen! Noen gang kan du bli skikkelig irritert p\u00e5 noe, og andre ganger f\u00f8les alt lett. F\u00f8lelser er en rar ting som noen ganger kan v\u00e6re ganske vanskelig \u00e5 forst\u00e5. Dette puslespillet med 56 deler gir en voksen og et barn muligheten til \u00e5 utforske forskjellige f\u00f8lelser sammen. Litt etter litt kan et barn begynne \u00e5 forst\u00e5 sine egne f\u00f8lelser og sette ord p\u00e5 dem. &#8211; Puslespillet med 56 deler av h\u00f8y kvalitet er fullt av fantastiske detaljer \u00e5 utforske. &#8211; Inkluderer en liste med sp\u00f8rsm\u00e5l som kan brukes til \u00e5 snakke om f\u00f8lelser. &#8211; Hjelper barn med \u00e5 forst\u00e5 hvor forskjellige f\u00f8lelser kan komme fra.<\/p>\n","protected":false},"excerpt":{"rendered":"<p>La oss l\u00e6re om f\u00f8lelser sammen! Noen gang kan du bli skikkelig irritert p\u00e5 noe, og andre ganger f\u00f8les alt lett. F\u00f8lelser er en rar ting som noen ganger kan v\u00e6re ganske vanskelig \u00e5 forst\u00e5. Dette puslespillet med 56 deler gir en voksen og et barn muligheten til \u00e5 utforske forskjellige f\u00f8lelser sammen. Litt etter [&hellip;]<\/p>\n","protected":false},"featured_media":0,"template":"","meta":{"content-type":"","_monsterinsights_skip_tracking":false,"_monsterinsights_sitenote_active":false,"_monsterinsights_sitenote_note":"","_monsterinsights_sitenote_category":0},"product_brand":[],"product_cat":[1652,1653,1663],"product_tag":[1233,1255,1267],"brand":[{"id":861,"name":"Let's Learn","slug":"letslearn-no"}],"target-group":[],"discontinued":[],"class_list":{"0":"post-572164","1":"product","2":"type-product","3":"status-publish","5":"product_cat-barnepuslespill","6":"product_cat-barnepuslespill-puslespill","7":"product_cat-laerespill","8":"product_tag-kombinere-no","9":"product_tag-pedagogisk-no","10":"product_tag-sammen-no","11":"brand-letslearn-no","13":"first","14":"instock","15":"taxable","16":"shipping-taxable","17":"product-type-simple"},"aioseo_notices":[],"_links":{"self":[{"href":"https:\/\/games.tactic.net\/no\/wp-json\/wp\/v2\/product\/572164","targetHints":{"allow":["GET"]}}],"collection":[{"href":"https:\/\/games.tactic.net\/no\/wp-json\/wp\/v2\/product"}],"about":[{"href":"https:\/\/games.tactic.net\/no\/wp-json\/wp\/v2\/types\/product"}],"wp:attachment":[{"href":"https:\/\/games.tactic.net\/no\/wp-json\/wp\/v2\/media?parent=572164"}],"wp:term":[{"taxonomy":"product_brand","embeddable":true,"href":"https:\/\/games.tactic.net\/no\/wp-json\/wp\/v2\/product_brand?post=572164"},{"taxonomy":"product_cat","embeddable":true,"href":"https:\/\/games.tactic.net\/no\/wp-json\/wp\/v2\/product_cat?post=572164"},{"taxonomy":"product_tag","embeddable":true,"href":"https:\/\/games.tactic.net\/no\/wp-json\/wp\/v2\/product_tag?post=572164"},{"taxonomy":"brand","embeddable":true,"href":"https:\/\/games.tactic.net\/no\/wp-json\/wp\/v2\/brand?post=572164"},{"taxonomy":"target-group","embeddable":true,"href":"https:\/\/games.tactic.net\/no\/wp-json\/wp\/v2\/target-group?post=572164"},{"taxonomy":"discontinued","embeddable":true,"href":"https:\/\/games.tactic.net\/no\/wp-json\/wp\/v2\/discontinued?post=572164"}],"curies":[{"name":"wp","href":"https:\/\/api.w.org\/{rel}","templated":true}]}}