{"id":572121,"date":"2022-05-18T13:13:06","date_gmt":"2022-05-18T10:13:06","guid":{"rendered":"http:\/\/games.tactic.net\/tuote\/titt-tei-gjett-hvem\/"},"modified":"2023-09-27T11:40:09","modified_gmt":"2023-09-27T08:40:09","slug":"titt-tei-gjett-hvem","status":"publish","type":"product","link":"https:\/\/games.tactic.net\/no\/tuote\/titt-tei-gjett-hvem\/","title":{"rendered":"Titt tei! Gjett hvem?"},"content":{"rendered":"<p>Pr\u00f8v \u00e5 gjett f\u00f8rst, deretter kan du snu siden og se ! Blanke sider og fasinerende gjetting gj\u00f8r fargelegging s\u00e5 mye morsommere, selv for de aller minste<\/p>\n","protected":false},"excerpt":{"rendered":"<p>Hva er det som er bak treet ? Hvem gjemmer seg i kurven ? Hva finner vi under sengen ?<\/p>\n","protected":false},"featured_media":572107,"template":"","meta":{"content-type":"","_monsterinsights_skip_tracking":false,"_monsterinsights_sitenote_active":false,"_monsterinsights_sitenote_note":"","_monsterinsights_sitenote_category":0},"product_brand":[],"product_cat":[2027],"product_tag":[],"brand":[],"target-group":[],"discontinued":[],"class_list":{"0":"post-572121","1":"product","2":"type-product","3":"status-publish","4":"has-post-thumbnail","6":"product_cat-maleboker","8":"first","9":"instock","10":"taxable","11":"shipping-taxable","12":"product-type-simple"},"aioseo_notices":[],"_links":{"self":[{"href":"https:\/\/games.tactic.net\/no\/wp-json\/wp\/v2\/product\/572121","targetHints":{"allow":["GET"]}}],"collection":[{"href":"https:\/\/games.tactic.net\/no\/wp-json\/wp\/v2\/product"}],"about":[{"href":"https:\/\/games.tactic.net\/no\/wp-json\/wp\/v2\/types\/product"}],"wp:featuredmedia":[{"embeddable":true,"href":"https:\/\/games.tactic.net\/no\/wp-json\/wp\/v2\/media\/572107"}],"wp:attachment":[{"href":"https:\/\/games.tactic.net\/no\/wp-json\/wp\/v2\/media?parent=572121"}],"wp:term":[{"taxonomy":"product_brand","embeddable":true,"href":"https:\/\/games.tactic.net\/no\/wp-json\/wp\/v2\/product_brand?post=572121"},{"taxonomy":"product_cat","embeddable":true,"href":"https:\/\/games.tactic.net\/no\/wp-json\/wp\/v2\/product_cat?post=572121"},{"taxonomy":"product_tag","embeddable":true,"href":"https:\/\/games.tactic.net\/no\/wp-json\/wp\/v2\/product_tag?post=572121"},{"taxonomy":"brand","embeddable":true,"href":"https:\/\/games.tactic.net\/no\/wp-json\/wp\/v2\/brand?post=572121"},{"taxonomy":"target-group","embeddable":true,"href":"https:\/\/games.tactic.net\/no\/wp-json\/wp\/v2\/target-group?post=572121"},{"taxonomy":"discontinued","embeddable":true,"href":"https:\/\/games.tactic.net\/no\/wp-json\/wp\/v2\/discontinued?post=572121"}],"curies":[{"name":"wp","href":"https:\/\/api.w.org\/{rel}","templated":true}]}}