{"id":571852,"date":"2022-05-18T10:22:37","date_gmt":"2022-05-18T07:22:37","guid":{"rendered":"http:\/\/games.tactic.net\/tuote\/var-sma-dyrevenner-malebok\/"},"modified":"2024-06-25T12:47:39","modified_gmt":"2024-06-25T09:47:39","slug":"var-sma-dyrevenner-malebok","status":"archive","type":"product","link":"https:\/\/games.tactic.net\/no\/tuote\/var-sma-dyrevenner-malebok\/","title":{"rendered":"Tactic V\u00e5re sm\u00e5 dyrevenner malebok"},"content":{"rendered":"<p>48 sider med s\u00f8te skapninger! Valper, kattunger, kaninunger &#8230; Utrolige s\u00f8te dyr som venter p\u00e5 \u00e5 bli fargelagt!<\/p>\n","protected":false},"excerpt":{"rendered":"<p>48 sider med s\u00f8te skapninger! Valper, kattunger, kaninunger &#8230; Utrolige s\u00f8te dyr som venter p\u00e5 \u00e5 bli fargelagt!<\/p>\n","protected":false},"featured_media":0,"template":"","meta":{"content-type":"","_monsterinsights_skip_tracking":false,"_monsterinsights_sitenote_active":false,"_monsterinsights_sitenote_note":"","_monsterinsights_sitenote_category":0},"product_brand":[],"product_cat":[2027],"product_tag":[],"brand":[],"target-group":[],"discontinued":[],"class_list":{"0":"post-571852","1":"product","2":"type-product","3":"status-archive","5":"product_cat-maleboker","7":"first","8":"outofstock","9":"taxable","10":"shipping-taxable","11":"product-type-simple"},"aioseo_notices":[],"_links":{"self":[{"href":"https:\/\/games.tactic.net\/no\/wp-json\/wp\/v2\/product\/571852","targetHints":{"allow":["GET"]}}],"collection":[{"href":"https:\/\/games.tactic.net\/no\/wp-json\/wp\/v2\/product"}],"about":[{"href":"https:\/\/games.tactic.net\/no\/wp-json\/wp\/v2\/types\/product"}],"wp:attachment":[{"href":"https:\/\/games.tactic.net\/no\/wp-json\/wp\/v2\/media?parent=571852"}],"wp:term":[{"taxonomy":"product_brand","embeddable":true,"href":"https:\/\/games.tactic.net\/no\/wp-json\/wp\/v2\/product_brand?post=571852"},{"taxonomy":"product_cat","embeddable":true,"href":"https:\/\/games.tactic.net\/no\/wp-json\/wp\/v2\/product_cat?post=571852"},{"taxonomy":"product_tag","embeddable":true,"href":"https:\/\/games.tactic.net\/no\/wp-json\/wp\/v2\/product_tag?post=571852"},{"taxonomy":"brand","embeddable":true,"href":"https:\/\/games.tactic.net\/no\/wp-json\/wp\/v2\/brand?post=571852"},{"taxonomy":"target-group","embeddable":true,"href":"https:\/\/games.tactic.net\/no\/wp-json\/wp\/v2\/target-group?post=571852"},{"taxonomy":"discontinued","embeddable":true,"href":"https:\/\/games.tactic.net\/no\/wp-json\/wp\/v2\/discontinued?post=571852"}],"curies":[{"name":"wp","href":"https:\/\/api.w.org\/{rel}","templated":true}]}}