{"id":571515,"date":"2022-05-18T09:22:34","date_gmt":"2022-05-18T06:22:34","guid":{"rendered":"http:\/\/games.tactic.net\/tuote\/vi-laerer-oss-a-skrive\/"},"modified":"2024-01-23T11:16:36","modified_gmt":"2024-01-23T09:16:36","slug":"vi-laerer-oss-a-skrive","status":"publish","type":"product","link":"https:\/\/games.tactic.net\/no\/tuote\/vi-laerer-oss-a-skrive\/","title":{"rendered":"Vi l\u00e6rer oss \u00e5 Skrive"},"content":{"rendered":"<p>Her er en aktivitetsbok som gir barna st\u00f8rre ordforr\u00e5d ! Den inneholder mange forskjellige ordg\u00e5ter som utvikler spr\u00e5kferdighetene. Vi finner synonymer og antonymer, l\u00f8ser kryssord og ordslanger og har mye annen moro med ord !<\/p>\n","protected":false},"excerpt":{"rendered":"<p>Her er en aktivitetsbok som gir barna st\u00f8rre ordforr\u00e5d ! Den inneholder mange forskjellige ordg\u00e5ter som utvikler spr\u00e5kferdighetene. Vi finner synonymer og antonymer, l\u00f8ser kryssord og ordslanger og har mye annen moro med ord !<\/p>\n","protected":false},"featured_media":0,"template":"","meta":{"content-type":"","_monsterinsights_skip_tracking":false,"_monsterinsights_sitenote_active":false,"_monsterinsights_sitenote_note":"","_monsterinsights_sitenote_category":0},"product_brand":[],"product_cat":[2026],"product_tag":[1748,1255],"brand":[{"id":861,"name":"Let's Learn","slug":"letslearn-no"}],"target-group":[],"discontinued":[],"class_list":{"0":"post-571515","1":"product","2":"type-product","3":"status-publish","5":"product_cat-aktivitetsboker","6":"product_tag-lesing","7":"product_tag-pedagogisk-no","8":"brand-letslearn-no","10":"first","11":"instock","12":"taxable","13":"shipping-taxable","14":"product-type-simple"},"aioseo_notices":[],"_links":{"self":[{"href":"https:\/\/games.tactic.net\/no\/wp-json\/wp\/v2\/product\/571515","targetHints":{"allow":["GET"]}}],"collection":[{"href":"https:\/\/games.tactic.net\/no\/wp-json\/wp\/v2\/product"}],"about":[{"href":"https:\/\/games.tactic.net\/no\/wp-json\/wp\/v2\/types\/product"}],"wp:attachment":[{"href":"https:\/\/games.tactic.net\/no\/wp-json\/wp\/v2\/media?parent=571515"}],"wp:term":[{"taxonomy":"product_brand","embeddable":true,"href":"https:\/\/games.tactic.net\/no\/wp-json\/wp\/v2\/product_brand?post=571515"},{"taxonomy":"product_cat","embeddable":true,"href":"https:\/\/games.tactic.net\/no\/wp-json\/wp\/v2\/product_cat?post=571515"},{"taxonomy":"product_tag","embeddable":true,"href":"https:\/\/games.tactic.net\/no\/wp-json\/wp\/v2\/product_tag?post=571515"},{"taxonomy":"brand","embeddable":true,"href":"https:\/\/games.tactic.net\/no\/wp-json\/wp\/v2\/brand?post=571515"},{"taxonomy":"target-group","embeddable":true,"href":"https:\/\/games.tactic.net\/no\/wp-json\/wp\/v2\/target-group?post=571515"},{"taxonomy":"discontinued","embeddable":true,"href":"https:\/\/games.tactic.net\/no\/wp-json\/wp\/v2\/discontinued?post=571515"}],"curies":[{"name":"wp","href":"https:\/\/api.w.org\/{rel}","templated":true}]}}