{"id":571388,"date":"2022-05-18T09:17:32","date_gmt":"2022-05-18T06:17:32","guid":{"rendered":"http:\/\/games.tactic.net\/tuote\/vi-laerer-oss-a-legge-till-og-trekke-fra\/"},"modified":"2024-01-23T11:15:54","modified_gmt":"2024-01-23T09:15:54","slug":"vi-laerer-oss-a-legge-till-og-trekke-fra","status":"publish","type":"product","link":"https:\/\/games.tactic.net\/no\/tuote\/vi-laerer-oss-a-legge-till-og-trekke-fra\/","title":{"rendered":"Vi l\u00e6rer oss \u00e5 Legge til og trekke fra"},"content":{"rendered":"<p>Her er en aktivitetsbok som handler om telling ! Med g\u00f8yale g\u00e5ter blir tellingen en morsom aktivitet. F\u00f8lg veiene av tiere, fullf\u00f8r tallradene, l\u00f8s g\u00e5ter ved \u00e5 legge til og trekke fra, og mye annet ! Inneholder ogs\u00e5 tips til foreldrene!<\/p>\n","protected":false},"excerpt":{"rendered":"<p>Her er en aktivitetsbok som handler om telling ! Med g\u00f8yale g\u00e5ter blir tellingen en morsom aktivitet. F\u00f8lg veiene av tiere, fullf\u00f8r tallradene, l\u00f8s g\u00e5ter ved \u00e5 legge til og trekke fra, og mye annet ! Inneholder ogs\u00e5 tips til foreldrene!<\/p>\n","protected":false},"featured_media":0,"template":"","meta":{"content-type":"","_monsterinsights_skip_tracking":false,"_monsterinsights_sitenote_active":false,"_monsterinsights_sitenote_note":"","_monsterinsights_sitenote_category":0},"product_brand":[],"product_cat":[2026],"product_tag":[358,1255],"brand":[{"id":861,"name":"Let's Learn","slug":"letslearn-no"}],"target-group":[],"discontinued":[],"class_list":{"0":"post-571388","1":"product","2":"type-product","3":"status-publish","5":"product_cat-aktivitetsboker","6":"product_tag-beregning","7":"product_tag-pedagogisk-no","8":"brand-letslearn-no","10":"first","11":"instock","12":"taxable","13":"shipping-taxable","14":"product-type-simple"},"aioseo_notices":[],"_links":{"self":[{"href":"https:\/\/games.tactic.net\/no\/wp-json\/wp\/v2\/product\/571388","targetHints":{"allow":["GET"]}}],"collection":[{"href":"https:\/\/games.tactic.net\/no\/wp-json\/wp\/v2\/product"}],"about":[{"href":"https:\/\/games.tactic.net\/no\/wp-json\/wp\/v2\/types\/product"}],"wp:attachment":[{"href":"https:\/\/games.tactic.net\/no\/wp-json\/wp\/v2\/media?parent=571388"}],"wp:term":[{"taxonomy":"product_brand","embeddable":true,"href":"https:\/\/games.tactic.net\/no\/wp-json\/wp\/v2\/product_brand?post=571388"},{"taxonomy":"product_cat","embeddable":true,"href":"https:\/\/games.tactic.net\/no\/wp-json\/wp\/v2\/product_cat?post=571388"},{"taxonomy":"product_tag","embeddable":true,"href":"https:\/\/games.tactic.net\/no\/wp-json\/wp\/v2\/product_tag?post=571388"},{"taxonomy":"brand","embeddable":true,"href":"https:\/\/games.tactic.net\/no\/wp-json\/wp\/v2\/brand?post=571388"},{"taxonomy":"target-group","embeddable":true,"href":"https:\/\/games.tactic.net\/no\/wp-json\/wp\/v2\/target-group?post=571388"},{"taxonomy":"discontinued","embeddable":true,"href":"https:\/\/games.tactic.net\/no\/wp-json\/wp\/v2\/discontinued?post=571388"}],"curies":[{"name":"wp","href":"https:\/\/api.w.org\/{rel}","templated":true}]}}