{"id":57076,"date":"2021-01-29T14:51:10","date_gmt":"2021-01-29T12:51:10","guid":{"rendered":"https:\/\/dev.tactic.net\/tuote\/kubb\/"},"modified":"2024-10-11T15:08:18","modified_gmt":"2024-10-11T12:08:18","slug":"kubb","status":"archive","type":"product","link":"https:\/\/games.tactic.net\/no\/tuote\/kubb\/","title":{"rendered":"Kubb"},"content":{"rendered":"<p>Sett opp trebrikkene og bruk kastepinnene til \u00e5 sl\u00e5 overende motstanderens. Men husk; hvis du sl\u00e5r Kongen overende f\u00f8r tiden, taper du spillet.<br \/>\nEt flott lagspill.<br \/>\nKrever taktikk og ferdighet.<br \/>\nEt klassisk utend\u00f8rsspill i tre.  Download the Kubb Game Tracker application:<\/p>\n","protected":false},"excerpt":{"rendered":"<p>Sett opp trebrikkene og bruk kastepinnene til \u00e5 sl\u00e5 overende motstanderens. Men husk; hvis du sl\u00e5r Kongen overende f\u00f8r tiden, taper du spillet.<\/p>\n","protected":false},"featured_media":0,"template":"","meta":{"content-type":"","_monsterinsights_skip_tracking":false,"_monsterinsights_sitenote_active":false,"_monsterinsights_sitenote_note":"","_monsterinsights_sitenote_category":0},"product_brand":[],"product_cat":[1691],"product_tag":[1251],"brand":[],"target-group":[],"discontinued":[],"class_list":{"0":"post-57076","1":"product","2":"type-product","3":"status-archive","5":"product_cat-andre-utespill-utespill-og-leker","6":"product_tag-ferdighet-no","8":"first","9":"outofstock","10":"taxable","11":"shipping-taxable","12":"product-type-simple"},"aioseo_notices":[],"_links":{"self":[{"href":"https:\/\/games.tactic.net\/no\/wp-json\/wp\/v2\/product\/57076","targetHints":{"allow":["GET"]}}],"collection":[{"href":"https:\/\/games.tactic.net\/no\/wp-json\/wp\/v2\/product"}],"about":[{"href":"https:\/\/games.tactic.net\/no\/wp-json\/wp\/v2\/types\/product"}],"wp:attachment":[{"href":"https:\/\/games.tactic.net\/no\/wp-json\/wp\/v2\/media?parent=57076"}],"wp:term":[{"taxonomy":"product_brand","embeddable":true,"href":"https:\/\/games.tactic.net\/no\/wp-json\/wp\/v2\/product_brand?post=57076"},{"taxonomy":"product_cat","embeddable":true,"href":"https:\/\/games.tactic.net\/no\/wp-json\/wp\/v2\/product_cat?post=57076"},{"taxonomy":"product_tag","embeddable":true,"href":"https:\/\/games.tactic.net\/no\/wp-json\/wp\/v2\/product_tag?post=57076"},{"taxonomy":"brand","embeddable":true,"href":"https:\/\/games.tactic.net\/no\/wp-json\/wp\/v2\/brand?post=57076"},{"taxonomy":"target-group","embeddable":true,"href":"https:\/\/games.tactic.net\/no\/wp-json\/wp\/v2\/target-group?post=57076"},{"taxonomy":"discontinued","embeddable":true,"href":"https:\/\/games.tactic.net\/no\/wp-json\/wp\/v2\/discontinued?post=57076"}],"curies":[{"name":"wp","href":"https:\/\/api.w.org\/{rel}","templated":true}]}}