{"id":56992,"date":"2021-01-29T12:30:48","date_gmt":"2021-01-29T10:30:48","guid":{"rendered":"https:\/\/dev.tactic.net\/tuote\/party-alias\/"},"modified":"2023-10-25T14:08:20","modified_gmt":"2023-10-25T11:08:20","slug":"party-alias","status":"publish","type":"product","link":"https:\/\/games.tactic.net\/no\/tuote\/party-alias\/","title":{"rendered":"Alias Party"},"content":{"rendered":"<p>Forklar ordene som normalt, men se opp for partyfeltene &#8211; n\u00e5r du havner p\u00e5 ett av dem, brukes spesielle stiler for \u00e5 oppn\u00e5 ekstrapoeng. To nye forklaringskategorier er ogs\u00e5 blandet inn i spillet!<br \/>\nInnholdet er mer fargerikt og utfordrende enn noen av de andre Alias-utgavene!<br \/>\nDet er stor variasjon i ordkortene.<br \/>\nPerfekt for spillkvelder for voksne.   Alias.eu<\/p>\n","protected":false},"excerpt":{"rendered":"<p>Forklar ordene som normalt, men se opp for partyfeltene &#8211; n\u00e5r du havner p\u00e5 ett av dem, brukes spesielle stiler for \u00e5 oppn\u00e5 ekstrapoeng. To nye forklaringskategorier er ogs\u00e5 blandet inn i spillet!<\/p>\n","protected":false},"featured_media":0,"template":"","meta":{"content-type":"","_monsterinsights_skip_tracking":false,"_monsterinsights_sitenote_active":false,"_monsterinsights_sitenote_note":"","_monsterinsights_sitenote_category":0},"product_brand":[],"product_cat":[1662,1661],"product_tag":[324,1204,1267],"brand":[{"id":600,"name":"Alias","slug":"alias_no"}],"target-group":[],"discontinued":[],"class_list":{"0":"post-56992","1":"product","2":"type-product","3":"status-publish","5":"product_cat-partyspill","6":"product_cat-selskapsspill-voksenspill","7":"product_tag-kreativ","8":"product_tag-ordforklaring-2","9":"product_tag-sammen-no","10":"brand-alias_no","12":"first","13":"instock","14":"taxable","15":"shipping-taxable","16":"product-type-simple"},"aioseo_notices":[],"_links":{"self":[{"href":"https:\/\/games.tactic.net\/no\/wp-json\/wp\/v2\/product\/56992","targetHints":{"allow":["GET"]}}],"collection":[{"href":"https:\/\/games.tactic.net\/no\/wp-json\/wp\/v2\/product"}],"about":[{"href":"https:\/\/games.tactic.net\/no\/wp-json\/wp\/v2\/types\/product"}],"wp:attachment":[{"href":"https:\/\/games.tactic.net\/no\/wp-json\/wp\/v2\/media?parent=56992"}],"wp:term":[{"taxonomy":"product_brand","embeddable":true,"href":"https:\/\/games.tactic.net\/no\/wp-json\/wp\/v2\/product_brand?post=56992"},{"taxonomy":"product_cat","embeddable":true,"href":"https:\/\/games.tactic.net\/no\/wp-json\/wp\/v2\/product_cat?post=56992"},{"taxonomy":"product_tag","embeddable":true,"href":"https:\/\/games.tactic.net\/no\/wp-json\/wp\/v2\/product_tag?post=56992"},{"taxonomy":"brand","embeddable":true,"href":"https:\/\/games.tactic.net\/no\/wp-json\/wp\/v2\/brand?post=56992"},{"taxonomy":"target-group","embeddable":true,"href":"https:\/\/games.tactic.net\/no\/wp-json\/wp\/v2\/target-group?post=56992"},{"taxonomy":"discontinued","embeddable":true,"href":"https:\/\/games.tactic.net\/no\/wp-json\/wp\/v2\/discontinued?post=56992"}],"curies":[{"name":"wp","href":"https:\/\/api.w.org\/{rel}","templated":true}]}}