{"id":56681,"date":"2021-01-29T12:01:45","date_gmt":"2021-01-29T10:01:45","guid":{"rendered":"https:\/\/dev.tactic.net\/tuote\/vil-du-vedde-2\/"},"modified":"2023-10-25T16:05:27","modified_gmt":"2023-10-25T13:05:27","slug":"vil-du-vedde-2","status":"publish","type":"product","link":"https:\/\/games.tactic.net\/no\/tuote\/vil-du-vedde-2\/","title":{"rendered":"Vil du vedde? 2"},"content":{"rendered":"<p>Hver spiller pr\u00f8ver \u00e5 l\u00f8se b\u00e5de fysiske og mentale oppgaver for \u00e5 vinne stort, mens de andre spillerne vedder p\u00e5 om spilleren klarer det eller ikke.<br \/>\nInneholder et stort utvalg av morsomme oppgaver.<br \/>\nDette artige spillet f\u00e5r alle i bevegelse.<br \/>\nPerfekt for familier og venner!<\/p>\n<p><img decoding=\"async\" src=\"https:\\\\\\\\games.tactic.net\\\\pic\\\\logo\\\\FI_2017_Vuoden_Peli_finalisti_partypelit.png\"><\/p>\n","protected":false},"excerpt":{"rendered":"<p>Hver spiller pr\u00f8ver \u00e5 l\u00f8se b\u00e5de fysiske og mentale oppgaver for \u00e5 vinne stort, mens de andre spillerne vedder p\u00e5 om spilleren klarer det eller ikke.<\/p>\n","protected":false},"featured_media":0,"template":"","meta":{"content-type":"","_monsterinsights_skip_tracking":false,"_monsterinsights_sitenote_active":false,"_monsterinsights_sitenote_note":"","_monsterinsights_sitenote_category":0},"product_brand":[],"product_cat":[1662,1661],"product_tag":[1251,1221,1003,324],"brand":[],"target-group":[],"discontinued":[],"class_list":{"0":"post-56681","1":"product","2":"type-product","3":"status-publish","5":"product_cat-partyspill","6":"product_cat-selskapsspill-voksenspill","7":"product_tag-ferdighet-no","8":"product_tag-funksjon-no","9":"product_tag-hell","10":"product_tag-kreativ","12":"first","13":"outofstock","14":"taxable","15":"shipping-taxable","16":"product-type-simple"},"aioseo_notices":[],"_links":{"self":[{"href":"https:\/\/games.tactic.net\/no\/wp-json\/wp\/v2\/product\/56681","targetHints":{"allow":["GET"]}}],"collection":[{"href":"https:\/\/games.tactic.net\/no\/wp-json\/wp\/v2\/product"}],"about":[{"href":"https:\/\/games.tactic.net\/no\/wp-json\/wp\/v2\/types\/product"}],"wp:attachment":[{"href":"https:\/\/games.tactic.net\/no\/wp-json\/wp\/v2\/media?parent=56681"}],"wp:term":[{"taxonomy":"product_brand","embeddable":true,"href":"https:\/\/games.tactic.net\/no\/wp-json\/wp\/v2\/product_brand?post=56681"},{"taxonomy":"product_cat","embeddable":true,"href":"https:\/\/games.tactic.net\/no\/wp-json\/wp\/v2\/product_cat?post=56681"},{"taxonomy":"product_tag","embeddable":true,"href":"https:\/\/games.tactic.net\/no\/wp-json\/wp\/v2\/product_tag?post=56681"},{"taxonomy":"brand","embeddable":true,"href":"https:\/\/games.tactic.net\/no\/wp-json\/wp\/v2\/brand?post=56681"},{"taxonomy":"target-group","embeddable":true,"href":"https:\/\/games.tactic.net\/no\/wp-json\/wp\/v2\/target-group?post=56681"},{"taxonomy":"discontinued","embeddable":true,"href":"https:\/\/games.tactic.net\/no\/wp-json\/wp\/v2\/discontinued?post=56681"}],"curies":[{"name":"wp","href":"https:\/\/api.w.org\/{rel}","templated":true}]}}