{"id":56609,"date":"2021-01-29T11:56:31","date_gmt":"2021-01-29T09:56:31","guid":{"rendered":"https:\/\/dev.tactic.net\/tuote\/alibaba\/"},"modified":"2023-10-25T13:19:49","modified_gmt":"2023-10-25T10:19:49","slug":"alibaba","status":"publish","type":"product","link":"https:\/\/games.tactic.net\/no\/tuote\/alibaba\/","title":{"rendered":"Alibaba board game"},"content":{"rendered":"<p>Hjelp Ali Baba med \u00e5 lesse p\u00e5 kamelen for en reise gjennom \u00f8rkenen! Ta et kort som viser en gjenstand, og legg gjenstanden forsiktig p\u00e5 kamelen. Men v\u00e6r forsiktig \u2013 kamelen er gretten, og blir den irritert, kaster den av seg alt sammen! Spilleren med flest poeng vinner.<br \/>\nEt spill med ferdigheter, hell og taktikk!<br \/>\nKjempeg\u00f8y for hele familien!<\/p>\n","protected":false},"excerpt":{"rendered":"<p>Hjelp Ali Baba med \u00e5 lesse p\u00e5 kamelen for en reise gjennom \u00f8rkenen! Ta et kort som viser en gjenstand, og legg gjenstanden forsiktig p\u00e5 kamelen. Men v\u00e6r forsiktig \u2013 kamelen er gretten, og blir den irritert, kaster den av seg alt sammen! Spilleren med flest poeng vinner.<\/p>\n","protected":false},"featured_media":0,"template":"","meta":{"content-type":"","_monsterinsights_skip_tracking":false,"_monsterinsights_sitenote_active":false,"_monsterinsights_sitenote_note":"","_monsterinsights_sitenote_category":0},"product_brand":[],"product_cat":[1649,1619],"product_tag":[1221,324],"brand":[],"target-group":[],"discontinued":[],"class_list":{"0":"post-56609","1":"product","2":"type-product","3":"status-publish","5":"product_cat-barnespill-barnespill","6":"product_cat-brettspill","7":"product_tag-funksjon-no","8":"product_tag-kreativ","10":"first","11":"instock","12":"taxable","13":"shipping-taxable","14":"product-type-simple"},"aioseo_notices":[],"_links":{"self":[{"href":"https:\/\/games.tactic.net\/no\/wp-json\/wp\/v2\/product\/56609","targetHints":{"allow":["GET"]}}],"collection":[{"href":"https:\/\/games.tactic.net\/no\/wp-json\/wp\/v2\/product"}],"about":[{"href":"https:\/\/games.tactic.net\/no\/wp-json\/wp\/v2\/types\/product"}],"wp:attachment":[{"href":"https:\/\/games.tactic.net\/no\/wp-json\/wp\/v2\/media?parent=56609"}],"wp:term":[{"taxonomy":"product_brand","embeddable":true,"href":"https:\/\/games.tactic.net\/no\/wp-json\/wp\/v2\/product_brand?post=56609"},{"taxonomy":"product_cat","embeddable":true,"href":"https:\/\/games.tactic.net\/no\/wp-json\/wp\/v2\/product_cat?post=56609"},{"taxonomy":"product_tag","embeddable":true,"href":"https:\/\/games.tactic.net\/no\/wp-json\/wp\/v2\/product_tag?post=56609"},{"taxonomy":"brand","embeddable":true,"href":"https:\/\/games.tactic.net\/no\/wp-json\/wp\/v2\/brand?post=56609"},{"taxonomy":"target-group","embeddable":true,"href":"https:\/\/games.tactic.net\/no\/wp-json\/wp\/v2\/target-group?post=56609"},{"taxonomy":"discontinued","embeddable":true,"href":"https:\/\/games.tactic.net\/no\/wp-json\/wp\/v2\/discontinued?post=56609"}],"curies":[{"name":"wp","href":"https:\/\/api.w.org\/{rel}","templated":true}]}}