{"id":561226,"date":"2022-05-06T11:28:52","date_gmt":"2022-05-06T08:28:52","guid":{"rendered":"http:\/\/games.tactic.net\/tuote\/man-tga-construction-truck-and-liebherr-excavator\/"},"modified":"2023-10-20T16:34:06","modified_gmt":"2023-10-20T13:34:06","slug":"man-tga-construction-truck-and-liebherr-excavator","status":"publish","type":"product","link":"https:\/\/games.tactic.net\/no\/tuote\/man-tga-construction-truck-and-liebherr-excavator\/","title":{"rendered":"Bruder MAN TGA Byggelastebil med Liebherr gravemaskin lekesett"},"content":{"rendered":"<p>Grav jorda med gravemaskinen, last den i tipplasset og kj\u00f8r bort \u2013 alt g\u00e5r unna p\u00e5 et blunk. Settet inneholder Liebherr-graver og MAN anleggslastebil. Lastebilens karmer kan felles ned p\u00e5 tre sider, og planet kan tippes. Gravemaskinen har roterende hytte, fullt funksjonell arm og st\u00f8tteben.<\/p>\n","protected":false},"excerpt":{"rendered":"<p>Liebherr-graver og MAN lastebil jobber sammen: grav, last og tipp materialer raskt og enkelt. Et komplett BRUDER-sett for spennende byggelek.<\/p>\n","protected":false},"featured_media":0,"template":"","meta":{"content-type":"","_monsterinsights_skip_tracking":false,"_monsterinsights_sitenote_active":false,"_monsterinsights_sitenote_note":"","_monsterinsights_sitenote_category":0},"product_brand":[],"product_cat":[1705],"product_tag":[],"brand":[],"target-group":[],"discontinued":[],"class_list":{"0":"post-561226","1":"product","2":"type-product","3":"status-publish","5":"product_cat-bruder-leker","7":"first","8":"instock","9":"taxable","10":"shipping-taxable","11":"product-type-simple"},"aioseo_notices":[],"_links":{"self":[{"href":"https:\/\/games.tactic.net\/no\/wp-json\/wp\/v2\/product\/561226","targetHints":{"allow":["GET"]}}],"collection":[{"href":"https:\/\/games.tactic.net\/no\/wp-json\/wp\/v2\/product"}],"about":[{"href":"https:\/\/games.tactic.net\/no\/wp-json\/wp\/v2\/types\/product"}],"wp:attachment":[{"href":"https:\/\/games.tactic.net\/no\/wp-json\/wp\/v2\/media?parent=561226"}],"wp:term":[{"taxonomy":"product_brand","embeddable":true,"href":"https:\/\/games.tactic.net\/no\/wp-json\/wp\/v2\/product_brand?post=561226"},{"taxonomy":"product_cat","embeddable":true,"href":"https:\/\/games.tactic.net\/no\/wp-json\/wp\/v2\/product_cat?post=561226"},{"taxonomy":"product_tag","embeddable":true,"href":"https:\/\/games.tactic.net\/no\/wp-json\/wp\/v2\/product_tag?post=561226"},{"taxonomy":"brand","embeddable":true,"href":"https:\/\/games.tactic.net\/no\/wp-json\/wp\/v2\/brand?post=561226"},{"taxonomy":"target-group","embeddable":true,"href":"https:\/\/games.tactic.net\/no\/wp-json\/wp\/v2\/target-group?post=561226"},{"taxonomy":"discontinued","embeddable":true,"href":"https:\/\/games.tactic.net\/no\/wp-json\/wp\/v2\/discontinued?post=561226"}],"curies":[{"name":"wp","href":"https:\/\/api.w.org\/{rel}","templated":true}]}}