{"id":560854,"date":"2022-05-06T11:11:40","date_gmt":"2022-05-06T08:11:40","guid":{"rendered":"http:\/\/games.tactic.net\/tuote\/figure-set-municipal-worker\/"},"modified":"2023-10-11T09:47:05","modified_gmt":"2023-10-11T06:47:05","slug":"figure-set-municipal-worker","status":"publish","type":"product","link":"https:\/\/games.tactic.net\/no\/tuote\/figure-set-municipal-worker\/","title":{"rendered":"bworld Kommunearbeider"},"content":{"rendered":"<p>Kommunearbeidernes virksomhet er sv\u00e6rt variert. De sikrer byggeplasser og ulykkessteder, inspiserer veier for skader og tar seg av mindre byggearbeider. De rydder, tar vare p\u00e5 parker og hager, og rydder vekk grus og sn\u00f8 p\u00e5 veiene. Det nye kommunale arbeiderfigursettet er det optimale tillegget til de mange BRUDER kommersielle kj\u00f8ret\u00f8yene og byggeplassene for realistisk \u00e5 gjenskape dette brede spekteret av aktiviteter. Figuren inkluderer bevegelige kroppsdeler, en trilleb\u00e5r, en spade og en kost for kreativ lek p\u00e5 barnerom.<\/p>\n","protected":false},"excerpt":{"rendered":"<p>Bruder<\/p>\n","protected":false},"featured_media":0,"template":"","meta":{"content-type":"","_monsterinsights_skip_tracking":false,"_monsterinsights_sitenote_active":false,"_monsterinsights_sitenote_note":"","_monsterinsights_sitenote_category":0},"product_brand":[],"product_cat":[1705],"product_tag":[],"brand":[],"target-group":[],"discontinued":[],"class_list":{"0":"post-560854","1":"product","2":"type-product","3":"status-publish","5":"product_cat-bruder-leker","7":"first","8":"instock","9":"taxable","10":"shipping-taxable","11":"product-type-simple"},"aioseo_notices":[],"_links":{"self":[{"href":"https:\/\/games.tactic.net\/no\/wp-json\/wp\/v2\/product\/560854","targetHints":{"allow":["GET"]}}],"collection":[{"href":"https:\/\/games.tactic.net\/no\/wp-json\/wp\/v2\/product"}],"about":[{"href":"https:\/\/games.tactic.net\/no\/wp-json\/wp\/v2\/types\/product"}],"wp:attachment":[{"href":"https:\/\/games.tactic.net\/no\/wp-json\/wp\/v2\/media?parent=560854"}],"wp:term":[{"taxonomy":"product_brand","embeddable":true,"href":"https:\/\/games.tactic.net\/no\/wp-json\/wp\/v2\/product_brand?post=560854"},{"taxonomy":"product_cat","embeddable":true,"href":"https:\/\/games.tactic.net\/no\/wp-json\/wp\/v2\/product_cat?post=560854"},{"taxonomy":"product_tag","embeddable":true,"href":"https:\/\/games.tactic.net\/no\/wp-json\/wp\/v2\/product_tag?post=560854"},{"taxonomy":"brand","embeddable":true,"href":"https:\/\/games.tactic.net\/no\/wp-json\/wp\/v2\/brand?post=560854"},{"taxonomy":"target-group","embeddable":true,"href":"https:\/\/games.tactic.net\/no\/wp-json\/wp\/v2\/target-group?post=560854"},{"taxonomy":"discontinued","embeddable":true,"href":"https:\/\/games.tactic.net\/no\/wp-json\/wp\/v2\/discontinued?post=560854"}],"curies":[{"name":"wp","href":"https:\/\/api.w.org\/{rel}","templated":true}]}}