{"id":56079,"date":"2021-01-21T12:37:26","date_gmt":"2021-01-21T10:37:26","guid":{"rendered":"https:\/\/dev.tactic.net\/tuote\/molkky\/"},"modified":"2023-10-06T18:33:11","modified_gmt":"2023-10-06T15:33:11","slug":"molkky","status":"publish","type":"product","link":"https:\/\/games.tactic.net\/no\/tuote\/molkky\/","title":{"rendered":"M\u00f6lkky\u00ae Original throwing game"},"content":{"rendered":"<p>Det raskest-selgende utend\u00f8rsspillet i de Nordiske landene! M\u00f6lkky\u00ae er en flott m\u00e5te \u00e5 m\u00f8te nye mennesker p\u00e5, eller \u00e5 gj\u00f8re noe sammen med familien, venner eller medarbeidere. Ingen fysisk styrke trengs: suksess er basert p\u00e5 en kombinasjon av hell og n\u00f8yaktig kasting. Alt du trenger er et utend\u00f8rsomr\u00e5de \u2013 en hage, en park, en plen \u2013 noen venner, og et sett med M\u00f6lkky\u00ae pinner. Personen som f\u00f8rst sl\u00e5r ned kjegler til en verdi av 50 poeng med M\u00f6lkky\u00ae kastepinne vinner. www.molkky.com<\/p>\n","protected":false},"excerpt":{"rendered":"<p>Det raskest-selgende utend\u00f8rsspillet i de Nordiske landene! M\u00f6lkky\u00ae er en flott m\u00e5te \u00e5 m\u00f8te nye mennesker p\u00e5, eller \u00e5 gj\u00f8re noe sammen med familien, venner eller medarbeidere. Ingen fysisk styrke trengs: suksess er basert p\u00e5 en kombinasjon av hell og n\u00f8yaktig kasting.<\/p>\n","protected":false},"featured_media":0,"template":"","meta":{"content-type":"","_monsterinsights_skip_tracking":false,"_monsterinsights_sitenote_active":false,"_monsterinsights_sitenote_note":"","_monsterinsights_sitenote_category":0},"product_brand":[],"product_cat":[1694],"product_tag":[383,307],"brand":[{"id":1345,"name":"M\u00f6lkky","slug":"molkky_no"}],"target-group":[],"discontinued":[],"class_list":{"0":"post-56079","1":"product","2":"type-product","3":"status-publish","5":"product_cat-spill-molkky-utespill-og-leker","6":"product_tag-ferdighet","7":"product_tag-funksjon","8":"brand-molkky_no","10":"first","11":"instock","12":"taxable","13":"shipping-taxable","14":"product-type-simple"},"aioseo_notices":[],"_links":{"self":[{"href":"https:\/\/games.tactic.net\/no\/wp-json\/wp\/v2\/product\/56079","targetHints":{"allow":["GET"]}}],"collection":[{"href":"https:\/\/games.tactic.net\/no\/wp-json\/wp\/v2\/product"}],"about":[{"href":"https:\/\/games.tactic.net\/no\/wp-json\/wp\/v2\/types\/product"}],"wp:attachment":[{"href":"https:\/\/games.tactic.net\/no\/wp-json\/wp\/v2\/media?parent=56079"}],"wp:term":[{"taxonomy":"product_brand","embeddable":true,"href":"https:\/\/games.tactic.net\/no\/wp-json\/wp\/v2\/product_brand?post=56079"},{"taxonomy":"product_cat","embeddable":true,"href":"https:\/\/games.tactic.net\/no\/wp-json\/wp\/v2\/product_cat?post=56079"},{"taxonomy":"product_tag","embeddable":true,"href":"https:\/\/games.tactic.net\/no\/wp-json\/wp\/v2\/product_tag?post=56079"},{"taxonomy":"brand","embeddable":true,"href":"https:\/\/games.tactic.net\/no\/wp-json\/wp\/v2\/brand?post=56079"},{"taxonomy":"target-group","embeddable":true,"href":"https:\/\/games.tactic.net\/no\/wp-json\/wp\/v2\/target-group?post=56079"},{"taxonomy":"discontinued","embeddable":true,"href":"https:\/\/games.tactic.net\/no\/wp-json\/wp\/v2\/discontinued?post=56079"}],"curies":[{"name":"wp","href":"https:\/\/api.w.org\/{rel}","templated":true}]}}