{"id":56070,"date":"2021-01-21T12:33:26","date_gmt":"2021-01-21T10:33:26","guid":{"rendered":"https:\/\/dev.tactic.net\/tuote\/alias\/"},"modified":"2023-10-25T14:06:59","modified_gmt":"2023-10-25T11:06:59","slug":"alias","status":"publish","type":"product","link":"https:\/\/games.tactic.net\/no\/tuote\/alias\/","title":{"rendered":"Alias Original"},"content":{"rendered":"<p>Den originale versjonen av Alias spilles p\u00e5 lag, og det f\u00f8rste som n\u00e5r m\u00e5l vinner. Det er 3 200 ord \u00e5 forklare, s\u00e5 spillet vil nok ikke bli oppbrukt p\u00e5 lang tid.<br \/>\nSpillet er genialt enkelt og slutter aldri \u00e5 underholde.<br \/>\nDu kan alltid forbedre og utvide ordforr\u00e5det ditt.<br \/>\nKommer med mye innhold, som gj\u00f8r spillet sv\u00e6rt gjenspillbart.   Alias.eu<\/p>\n<p><img decoding=\"async\" src=\"https:\\\\\\\\games.tactic.net\\\\pic\\\\logo\\\\Awarded_concept.png\"><\/p>\n","protected":false},"excerpt":{"rendered":"<p>Den originale versjonen av Alias spilles p\u00e5 lag, og det f\u00f8rste som n\u00e5r m\u00e5l vinner. Det er 3 200 ord \u00e5 forklare, s\u00e5 spillet vil nok ikke bli oppbrukt p\u00e5 lang tid.<\/p>\n","protected":false},"featured_media":0,"template":"","meta":{"content-type":"","_monsterinsights_skip_tracking":false,"_monsterinsights_sitenote_active":false,"_monsterinsights_sitenote_note":"","_monsterinsights_sitenote_category":0},"product_brand":[],"product_cat":[1619,1661],"product_tag":[324,1204,1267],"brand":[{"id":600,"name":"Alias","slug":"alias_no"}],"target-group":[],"discontinued":[],"class_list":{"0":"post-56070","1":"product","2":"type-product","3":"status-publish","5":"product_cat-brettspill","6":"product_cat-selskapsspill-voksenspill","7":"product_tag-kreativ","8":"product_tag-ordforklaring-2","9":"product_tag-sammen-no","10":"brand-alias_no","12":"first","13":"instock","14":"taxable","15":"shipping-taxable","16":"product-type-simple"},"aioseo_notices":[],"_links":{"self":[{"href":"https:\/\/games.tactic.net\/no\/wp-json\/wp\/v2\/product\/56070","targetHints":{"allow":["GET"]}}],"collection":[{"href":"https:\/\/games.tactic.net\/no\/wp-json\/wp\/v2\/product"}],"about":[{"href":"https:\/\/games.tactic.net\/no\/wp-json\/wp\/v2\/types\/product"}],"wp:attachment":[{"href":"https:\/\/games.tactic.net\/no\/wp-json\/wp\/v2\/media?parent=56070"}],"wp:term":[{"taxonomy":"product_brand","embeddable":true,"href":"https:\/\/games.tactic.net\/no\/wp-json\/wp\/v2\/product_brand?post=56070"},{"taxonomy":"product_cat","embeddable":true,"href":"https:\/\/games.tactic.net\/no\/wp-json\/wp\/v2\/product_cat?post=56070"},{"taxonomy":"product_tag","embeddable":true,"href":"https:\/\/games.tactic.net\/no\/wp-json\/wp\/v2\/product_tag?post=56070"},{"taxonomy":"brand","embeddable":true,"href":"https:\/\/games.tactic.net\/no\/wp-json\/wp\/v2\/brand?post=56070"},{"taxonomy":"target-group","embeddable":true,"href":"https:\/\/games.tactic.net\/no\/wp-json\/wp\/v2\/target-group?post=56070"},{"taxonomy":"discontinued","embeddable":true,"href":"https:\/\/games.tactic.net\/no\/wp-json\/wp\/v2\/discontinued?post=56070"}],"curies":[{"name":"wp","href":"https:\/\/api.w.org\/{rel}","templated":true}]}}