{"id":55927,"date":"2019-11-09T01:02:35","date_gmt":"2021-01-21T10:21:45","guid":{"rendered":"https:\/\/dev.tactic.net\/tuote\/molkkaari\/"},"modified":"2023-10-06T18:28:14","modified_gmt":"2023-10-06T15:28:14","slug":"molkkaari","status":"publish","type":"product","link":"https:\/\/games.tactic.net\/no\/tuote\/molkkaari\/","title":{"rendered":"M\u00f6lkkaari Wooden Throwing Line Marker for M\u00f6lkky\u00ae throwing game"},"content":{"rendered":"<p>En enkel m\u00e5te \u00e5 markere kastelinjen i et M\u00f6lkky\u00ae-spill.<\/p>\n","protected":false},"excerpt":{"rendered":"<p>En enkel m\u00e5te \u00e5 markere kastelinjen i et M\u00f6lkky\u00ae-spill.<\/p>\n","protected":false},"featured_media":0,"template":"","meta":{"content-type":"","_monsterinsights_skip_tracking":false,"_monsterinsights_sitenote_active":false,"_monsterinsights_sitenote_note":"","_monsterinsights_sitenote_category":0},"product_brand":[],"product_cat":[1693],"product_tag":[358,1251,1221],"brand":[{"id":1345,"name":"M\u00f6lkky","slug":"molkky_no"}],"target-group":[],"discontinued":[],"class_list":{"0":"post-55927","1":"product","2":"type-product","3":"status-publish","5":"product_cat-tilbehor-molkky-utespill-og-leker","6":"product_tag-beregning","7":"product_tag-ferdighet-no","8":"product_tag-funksjon-no","9":"brand-molkky_no","11":"first","12":"instock","13":"taxable","14":"shipping-taxable","15":"product-type-simple"},"aioseo_notices":[],"_links":{"self":[{"href":"https:\/\/games.tactic.net\/no\/wp-json\/wp\/v2\/product\/55927","targetHints":{"allow":["GET"]}}],"collection":[{"href":"https:\/\/games.tactic.net\/no\/wp-json\/wp\/v2\/product"}],"about":[{"href":"https:\/\/games.tactic.net\/no\/wp-json\/wp\/v2\/types\/product"}],"wp:attachment":[{"href":"https:\/\/games.tactic.net\/no\/wp-json\/wp\/v2\/media?parent=55927"}],"wp:term":[{"taxonomy":"product_brand","embeddable":true,"href":"https:\/\/games.tactic.net\/no\/wp-json\/wp\/v2\/product_brand?post=55927"},{"taxonomy":"product_cat","embeddable":true,"href":"https:\/\/games.tactic.net\/no\/wp-json\/wp\/v2\/product_cat?post=55927"},{"taxonomy":"product_tag","embeddable":true,"href":"https:\/\/games.tactic.net\/no\/wp-json\/wp\/v2\/product_tag?post=55927"},{"taxonomy":"brand","embeddable":true,"href":"https:\/\/games.tactic.net\/no\/wp-json\/wp\/v2\/brand?post=55927"},{"taxonomy":"target-group","embeddable":true,"href":"https:\/\/games.tactic.net\/no\/wp-json\/wp\/v2\/target-group?post=55927"},{"taxonomy":"discontinued","embeddable":true,"href":"https:\/\/games.tactic.net\/no\/wp-json\/wp\/v2\/discontinued?post=55927"}],"curies":[{"name":"wp","href":"https:\/\/api.w.org\/{rel}","templated":true}]}}