{"id":53148,"date":"2020-12-04T13:00:48","date_gmt":"2020-12-04T11:00:48","guid":{"rendered":"https:\/\/dev.tactic.net\/tuote\/draw-out-extreme\/"},"modified":"2022-01-21T15:27:02","modified_gmt":"2022-01-21T13:27:02","slug":"draw-out-extreme","status":"publish","type":"product","link":"https:\/\/games.tactic.net\/no\/tuote\/draw-out-extreme\/","title":{"rendered":"Tegn  Gjett Extreme"},"content":{"rendered":"<p>Du har aldri hatt det mer moro med en penn!<\/p>\n<div>Kast terningen og se om du skal feste pennen rundt hodet, rundt armen eller beinet, eller om du skal bruke den vinglete pennen.<\/div>\n<div>Deretter kan du begynne \u00e5 tegne, mens de andre konkurrerer om \u00e5 gjette ordet du pr\u00f8ver \u00e5 tegne.<br \/>\nFlest ord gjettet riktig betyr seier!<\/p>\n<div>\n<div>\u2022 Inneholder tre forskjellige tegneinnretninger!<\/div>\n<div>\u2022 Velkjent spillkonsept med en helt ny vri.<\/div>\n<div>\u2022 Det desidert morsomste tegnespillet i butikken<\/div>\n<\/div>\n<\/div>\n","protected":false},"excerpt":{"rendered":"<p>Du har aldri hatt det mer moro med en penn!<br \/>\nKast terningen og se om du skal feste pennen rundt hodet, rundt armen eller beinet, eller om du skal bruke den vinglete pennen.<\/p>\n","protected":false},"featured_media":0,"template":"","meta":{"content-type":"","_monsterinsights_skip_tracking":false,"_monsterinsights_sitenote_active":false,"_monsterinsights_sitenote_note":"","_monsterinsights_sitenote_category":0},"product_brand":[],"product_cat":[1662],"product_tag":[324,1267,969],"brand":[],"target-group":[],"discontinued":[],"class_list":{"0":"post-53148","1":"product","2":"type-product","3":"status-publish","5":"product_cat-partyspill","6":"product_tag-kreativ","7":"product_tag-sammen-no","8":"product_tag-tidsfordriv-2","10":"first","11":"outofstock","12":"taxable","13":"shipping-taxable","14":"product-type-simple"},"aioseo_notices":[],"_links":{"self":[{"href":"https:\/\/games.tactic.net\/no\/wp-json\/wp\/v2\/product\/53148","targetHints":{"allow":["GET"]}}],"collection":[{"href":"https:\/\/games.tactic.net\/no\/wp-json\/wp\/v2\/product"}],"about":[{"href":"https:\/\/games.tactic.net\/no\/wp-json\/wp\/v2\/types\/product"}],"wp:attachment":[{"href":"https:\/\/games.tactic.net\/no\/wp-json\/wp\/v2\/media?parent=53148"}],"wp:term":[{"taxonomy":"product_brand","embeddable":true,"href":"https:\/\/games.tactic.net\/no\/wp-json\/wp\/v2\/product_brand?post=53148"},{"taxonomy":"product_cat","embeddable":true,"href":"https:\/\/games.tactic.net\/no\/wp-json\/wp\/v2\/product_cat?post=53148"},{"taxonomy":"product_tag","embeddable":true,"href":"https:\/\/games.tactic.net\/no\/wp-json\/wp\/v2\/product_tag?post=53148"},{"taxonomy":"brand","embeddable":true,"href":"https:\/\/games.tactic.net\/no\/wp-json\/wp\/v2\/brand?post=53148"},{"taxonomy":"target-group","embeddable":true,"href":"https:\/\/games.tactic.net\/no\/wp-json\/wp\/v2\/target-group?post=53148"},{"taxonomy":"discontinued","embeddable":true,"href":"https:\/\/games.tactic.net\/no\/wp-json\/wp\/v2\/discontinued?post=53148"}],"curies":[{"name":"wp","href":"https:\/\/api.w.org\/{rel}","templated":true}]}}