{"id":52978,"date":"2020-12-04T11:52:25","date_gmt":"2020-12-04T09:52:25","guid":{"rendered":"https:\/\/dev.tactic.net\/tuote\/verdens-underverker\/"},"modified":"2025-04-01T14:22:23","modified_gmt":"2025-04-01T11:22:23","slug":"verdens-underverker","status":"archive","type":"product","link":"https:\/\/games.tactic.net\/no\/tuote\/verdens-underverker\/","title":{"rendered":"Verdens underverker"},"content":{"rendered":"<p>Ta en reise jorda rundt og bli kjent med noen av de mest fantastiske og unike severdighetene p\u00e5 planeten v\u00e5r!  Pr\u00f8v \u00e5 gjenkjenne kjente underverk og plassere dem i riktig verdensdel.  Hvis du ikke klarer \u00e5 gjette underverket, kan ledetr\u00e5dene hjelpe deg med \u00e5 finne det riktige svaret!<br \/>\nInneholder 195 underverk fra alle verdenshj\u00f8rner og et kart merket med stedene der de er!<br \/>\nEt l\u00e6respill med en underholdende vri.<br \/>\nLeveres i praktisk og kompakt st\u00f8rrelse!<\/p>\n","protected":false},"excerpt":{"rendered":"<p>Ta en reise jorda rundt og bli kjent med noen av de mest fantastiske og unike severdighetene p\u00e5 planeten v\u00e5r! Pr\u00f8v \u00e5 gjenkjenne kjente underverk og plassere dem i riktig verdensdel.<\/p>\n","protected":false},"featured_media":0,"template":"","meta":{"content-type":"","_monsterinsights_skip_tracking":false,"_monsterinsights_sitenote_active":false,"_monsterinsights_sitenote_note":"","_monsterinsights_sitenote_category":0},"product_brand":[],"product_cat":[1664,1665],"product_tag":[1274,1255],"brand":[],"target-group":[],"discontinued":[],"class_list":{"0":"post-52978","1":"product","2":"type-product","3":"status-archive","5":"product_cat-sporrespill","6":"product_cat-sporrespill-voksenspill","7":"product_tag-kunnskap","8":"product_tag-pedagogisk-no","10":"first","11":"outofstock","12":"taxable","13":"shipping-taxable","14":"product-type-simple"},"aioseo_notices":[],"_links":{"self":[{"href":"https:\/\/games.tactic.net\/no\/wp-json\/wp\/v2\/product\/52978","targetHints":{"allow":["GET"]}}],"collection":[{"href":"https:\/\/games.tactic.net\/no\/wp-json\/wp\/v2\/product"}],"about":[{"href":"https:\/\/games.tactic.net\/no\/wp-json\/wp\/v2\/types\/product"}],"wp:attachment":[{"href":"https:\/\/games.tactic.net\/no\/wp-json\/wp\/v2\/media?parent=52978"}],"wp:term":[{"taxonomy":"product_brand","embeddable":true,"href":"https:\/\/games.tactic.net\/no\/wp-json\/wp\/v2\/product_brand?post=52978"},{"taxonomy":"product_cat","embeddable":true,"href":"https:\/\/games.tactic.net\/no\/wp-json\/wp\/v2\/product_cat?post=52978"},{"taxonomy":"product_tag","embeddable":true,"href":"https:\/\/games.tactic.net\/no\/wp-json\/wp\/v2\/product_tag?post=52978"},{"taxonomy":"brand","embeddable":true,"href":"https:\/\/games.tactic.net\/no\/wp-json\/wp\/v2\/brand?post=52978"},{"taxonomy":"target-group","embeddable":true,"href":"https:\/\/games.tactic.net\/no\/wp-json\/wp\/v2\/target-group?post=52978"},{"taxonomy":"discontinued","embeddable":true,"href":"https:\/\/games.tactic.net\/no\/wp-json\/wp\/v2\/discontinued?post=52978"}],"curies":[{"name":"wp","href":"https:\/\/api.w.org\/{rel}","templated":true}]}}