{"id":529034,"date":"2022-03-30T08:11:14","date_gmt":"2022-03-30T05:11:14","guid":{"rendered":"http:\/\/games.tactic.net\/tuote\/zlam-racket-set\/"},"modified":"2023-09-27T20:49:15","modified_gmt":"2023-09-27T17:49:15","slug":"zlam-racket-set","status":"publish","type":"product","link":"https:\/\/games.tactic.net\/no\/tuote\/zlam-racket-set\/","title":{"rendered":"Active Play Zlam Racket Set"},"content":{"rendered":"<p>Active Play-spel \u00e4r ett lysande s\u00e4tt att \u00f6ka aktiviteterna och ha roligt med familj och v\u00e4nner! Att tr\u00e4na och spela tillsammans \u00e4r bra f\u00f6r kropp och sj\u00e4l. Det ger dig energi och g\u00f6r det l\u00e4ttare att koncentrera sig och l\u00e4ra sig nya saker. \u00c4r du redo att spela? Zlam Racket-setet \u00e4r gjort f\u00f6r snabba spel p\u00e5 stranden och sp\u00e4nnande t\u00e4vlingar i tr\u00e4dg\u00e5rden! Inneh\u00e5ller 4 fj\u00e4derbollar och tv\u00e5 bollar som g\u00f6r att setet kan anv\u00e4ndas av alla oavsett \u00e5lder och kompetensniv\u00e5.<\/p>\n","protected":false},"excerpt":{"rendered":"<p>Active Play-spel \u00e4r ett lysande s\u00e4tt att \u00f6ka aktiviteterna och ha roligt med familj och v\u00e4nner! Att tr\u00e4na och spela tillsammans \u00e4r bra f\u00f6r kropp och sj\u00e4l. Det ger dig energi och g\u00f6r det l\u00e4ttare att koncentrera sig och l\u00e4ra sig nya saker. \u00c4r du redo att spela? Zlam Racket-setet \u00e4r gjort f\u00f6r snabba spel [&hellip;]<\/p>\n","protected":false},"featured_media":0,"template":"","meta":{"content-type":"","_monsterinsights_skip_tracking":false,"_monsterinsights_sitenote_active":false,"_monsterinsights_sitenote_note":"","_monsterinsights_sitenote_category":0},"product_brand":[],"product_cat":[1695],"product_tag":[],"brand":[],"target-group":[],"discontinued":[],"class_list":{"0":"post-529034","1":"product","2":"type-product","3":"status-publish","5":"product_cat-active-play-utespill-og-leker-2","7":"first","8":"instock","9":"taxable","10":"shipping-taxable","11":"product-type-simple"},"aioseo_notices":[],"_links":{"self":[{"href":"https:\/\/games.tactic.net\/no\/wp-json\/wp\/v2\/product\/529034","targetHints":{"allow":["GET"]}}],"collection":[{"href":"https:\/\/games.tactic.net\/no\/wp-json\/wp\/v2\/product"}],"about":[{"href":"https:\/\/games.tactic.net\/no\/wp-json\/wp\/v2\/types\/product"}],"wp:attachment":[{"href":"https:\/\/games.tactic.net\/no\/wp-json\/wp\/v2\/media?parent=529034"}],"wp:term":[{"taxonomy":"product_brand","embeddable":true,"href":"https:\/\/games.tactic.net\/no\/wp-json\/wp\/v2\/product_brand?post=529034"},{"taxonomy":"product_cat","embeddable":true,"href":"https:\/\/games.tactic.net\/no\/wp-json\/wp\/v2\/product_cat?post=529034"},{"taxonomy":"product_tag","embeddable":true,"href":"https:\/\/games.tactic.net\/no\/wp-json\/wp\/v2\/product_tag?post=529034"},{"taxonomy":"brand","embeddable":true,"href":"https:\/\/games.tactic.net\/no\/wp-json\/wp\/v2\/brand?post=529034"},{"taxonomy":"target-group","embeddable":true,"href":"https:\/\/games.tactic.net\/no\/wp-json\/wp\/v2\/target-group?post=529034"},{"taxonomy":"discontinued","embeddable":true,"href":"https:\/\/games.tactic.net\/no\/wp-json\/wp\/v2\/discontinued?post=529034"}],"curies":[{"name":"wp","href":"https:\/\/api.w.org\/{rel}","templated":true}]}}