{"id":523190,"date":"2022-03-23T11:27:09","date_gmt":"2022-03-23T09:27:09","guid":{"rendered":"http:\/\/games.tactic.net\/tuote\/store-dinosaurer\/"},"modified":"2022-03-23T11:27:09","modified_gmt":"2022-03-23T09:27:09","slug":"store-dinosaurer","status":"archive","type":"product","link":"https:\/\/games.tactic.net\/no\/tuote\/store-dinosaurer\/","title":{"rendered":"Store dinosaurer"},"content":{"rendered":"<p>VR\u00c6\u00c6\u00c6L!<br \/>\nDinosaurene vender tilbake i denne boken. T-Rex<br \/>\nog andre dinosaurer utfordrer deg til \u00e5 fargelegge<br \/>\ndem!<\/p>\n","protected":false},"excerpt":{"rendered":"<p>VR\u00c6\u00c6\u00c6L!<br \/>\nDinosaurene vender tilbake i denne boken. T-Rex<br \/>\nog andre dinosaurer utfordrer deg til \u00e5 fargelegge<br \/>\ndem!<\/p>\n","protected":false},"featured_media":0,"template":"","meta":{"content-type":"","_monsterinsights_skip_tracking":false,"_monsterinsights_sitenote_active":false,"_monsterinsights_sitenote_note":"","_monsterinsights_sitenote_category":0},"product_brand":[],"product_cat":[2027],"product_tag":[],"brand":[],"target-group":[],"discontinued":[],"class_list":{"0":"post-523190","1":"product","2":"type-product","3":"status-archive","5":"product_cat-maleboker","7":"first","8":"outofstock","9":"taxable","10":"shipping-taxable","11":"product-type-simple"},"aioseo_notices":[],"_links":{"self":[{"href":"https:\/\/games.tactic.net\/no\/wp-json\/wp\/v2\/product\/523190","targetHints":{"allow":["GET"]}}],"collection":[{"href":"https:\/\/games.tactic.net\/no\/wp-json\/wp\/v2\/product"}],"about":[{"href":"https:\/\/games.tactic.net\/no\/wp-json\/wp\/v2\/types\/product"}],"wp:attachment":[{"href":"https:\/\/games.tactic.net\/no\/wp-json\/wp\/v2\/media?parent=523190"}],"wp:term":[{"taxonomy":"product_brand","embeddable":true,"href":"https:\/\/games.tactic.net\/no\/wp-json\/wp\/v2\/product_brand?post=523190"},{"taxonomy":"product_cat","embeddable":true,"href":"https:\/\/games.tactic.net\/no\/wp-json\/wp\/v2\/product_cat?post=523190"},{"taxonomy":"product_tag","embeddable":true,"href":"https:\/\/games.tactic.net\/no\/wp-json\/wp\/v2\/product_tag?post=523190"},{"taxonomy":"brand","embeddable":true,"href":"https:\/\/games.tactic.net\/no\/wp-json\/wp\/v2\/brand?post=523190"},{"taxonomy":"target-group","embeddable":true,"href":"https:\/\/games.tactic.net\/no\/wp-json\/wp\/v2\/target-group?post=523190"},{"taxonomy":"discontinued","embeddable":true,"href":"https:\/\/games.tactic.net\/no\/wp-json\/wp\/v2\/discontinued?post=523190"}],"curies":[{"name":"wp","href":"https:\/\/api.w.org\/{rel}","templated":true}]}}