{"id":522991,"date":"2022-03-23T11:09:35","date_gmt":"2022-03-23T09:09:35","guid":{"rendered":"http:\/\/games.tactic.net\/tuote\/sote-gardsdyr\/"},"modified":"2022-03-23T11:09:35","modified_gmt":"2022-03-23T09:09:35","slug":"sote-gardsdyr","status":"archive","type":"product","link":"https:\/\/games.tactic.net\/no\/tuote\/sote-gardsdyr\/","title":{"rendered":"S\u00f8te g\u00e5rdsdyr"},"content":{"rendered":"<p>S\u00f8tere blir det ikke! 48 sider med aktivitetsmoro \u2013 med<br \/>\nalle favorittg\u00e5rdsdyrene dine.<br \/>\nFinn frem fargeblyantene og la oss dra p\u00e5 landet!<\/p>\n","protected":false},"excerpt":{"rendered":"<p>S\u00f8tere blir det ikke! 48 sider med aktivitetsmoro \u2013 med<br \/>\nalle favorittg\u00e5rdsdyrene dine.<br \/>\nFinn frem fargeblyantene og la oss dra p\u00e5 landet!<\/p>\n","protected":false},"featured_media":522977,"template":"","meta":{"content-type":"","_monsterinsights_skip_tracking":false,"_monsterinsights_sitenote_active":false,"_monsterinsights_sitenote_note":"","_monsterinsights_sitenote_category":0},"product_brand":[],"product_cat":[2026],"product_tag":[],"brand":[],"target-group":[],"discontinued":[],"class_list":{"0":"post-522991","1":"product","2":"type-product","3":"status-archive","4":"has-post-thumbnail","6":"product_cat-aktivitetsboker","8":"first","9":"outofstock","10":"taxable","11":"shipping-taxable","12":"product-type-simple"},"aioseo_notices":[],"_links":{"self":[{"href":"https:\/\/games.tactic.net\/no\/wp-json\/wp\/v2\/product\/522991","targetHints":{"allow":["GET"]}}],"collection":[{"href":"https:\/\/games.tactic.net\/no\/wp-json\/wp\/v2\/product"}],"about":[{"href":"https:\/\/games.tactic.net\/no\/wp-json\/wp\/v2\/types\/product"}],"wp:featuredmedia":[{"embeddable":true,"href":"https:\/\/games.tactic.net\/no\/wp-json\/wp\/v2\/media\/522977"}],"wp:attachment":[{"href":"https:\/\/games.tactic.net\/no\/wp-json\/wp\/v2\/media?parent=522991"}],"wp:term":[{"taxonomy":"product_brand","embeddable":true,"href":"https:\/\/games.tactic.net\/no\/wp-json\/wp\/v2\/product_brand?post=522991"},{"taxonomy":"product_cat","embeddable":true,"href":"https:\/\/games.tactic.net\/no\/wp-json\/wp\/v2\/product_cat?post=522991"},{"taxonomy":"product_tag","embeddable":true,"href":"https:\/\/games.tactic.net\/no\/wp-json\/wp\/v2\/product_tag?post=522991"},{"taxonomy":"brand","embeddable":true,"href":"https:\/\/games.tactic.net\/no\/wp-json\/wp\/v2\/brand?post=522991"},{"taxonomy":"target-group","embeddable":true,"href":"https:\/\/games.tactic.net\/no\/wp-json\/wp\/v2\/target-group?post=522991"},{"taxonomy":"discontinued","embeddable":true,"href":"https:\/\/games.tactic.net\/no\/wp-json\/wp\/v2\/discontinued?post=522991"}],"curies":[{"name":"wp","href":"https:\/\/api.w.org\/{rel}","templated":true}]}}