{"id":522962,"date":"2022-03-23T11:06:17","date_gmt":"2022-03-23T09:06:17","guid":{"rendered":"http:\/\/games.tactic.net\/tuote\/canal-king-beijing\/"},"modified":"2022-03-23T11:06:17","modified_gmt":"2022-03-23T09:06:17","slug":"canal-king-beijing","status":"archive","type":"product","link":"https:\/\/games.tactic.net\/no\/tuote\/canal-king-beijing\/","title":{"rendered":"Canal King Beijing"},"content":{"rendered":"<p>Reis til keisertidens Kina, og gj\u00f8r deg klar til en intens<br \/>\nkamp. I Canal King Beijing blir spillerne rekruttert som<br \/>\nsmuglere som pr\u00f8ver \u00e5 frakte smuglergodset sitt langs<br \/>\nBeijings kanaler. Denne jobben krever en viss list, s\u00e5<br \/>\nhusk \u00e5 holde \u00f8ye med konkurrentene dine s\u00e5 vel som<br \/>\nloven. Canal King Beijing er et familiespill med et ekstra<br \/>\nlag av strategi.<\/p>\n","protected":false},"excerpt":{"rendered":"<p>Reis til keisertidens Kina, og gj\u00f8r deg klar til en intens kamp. I Canal King Beijing blir spillerne rekruttert som smuglere som pr\u00f8ver \u00e5 frakte smuglergodset sitt langs Beijings kanaler. Denne jobben krever en viss list, s\u00e5 husk \u00e5 holde \u00f8ye med konkurrentene dine s\u00e5 vel som loven. Canal King Beijing er et familiespill med [&hellip;]<\/p>\n","protected":false},"featured_media":0,"template":"","meta":{"content-type":"","_monsterinsights_skip_tracking":false,"_monsterinsights_sitenote_active":false,"_monsterinsights_sitenote_note":"","_monsterinsights_sitenote_category":0},"product_brand":[],"product_cat":[1619],"product_tag":[1239],"brand":[{"id":884,"name":"Gamestorm Studio","slug":"gametormstudio"}],"target-group":[],"discontinued":[],"class_list":{"0":"post-522962","1":"product","2":"type-product","3":"status-archive","5":"product_cat-brettspill","6":"product_tag-strategi-no","7":"brand-gametormstudio","9":"first","10":"outofstock","11":"taxable","12":"shipping-taxable","13":"product-type-simple"},"aioseo_notices":[],"_links":{"self":[{"href":"https:\/\/games.tactic.net\/no\/wp-json\/wp\/v2\/product\/522962","targetHints":{"allow":["GET"]}}],"collection":[{"href":"https:\/\/games.tactic.net\/no\/wp-json\/wp\/v2\/product"}],"about":[{"href":"https:\/\/games.tactic.net\/no\/wp-json\/wp\/v2\/types\/product"}],"wp:attachment":[{"href":"https:\/\/games.tactic.net\/no\/wp-json\/wp\/v2\/media?parent=522962"}],"wp:term":[{"taxonomy":"product_brand","embeddable":true,"href":"https:\/\/games.tactic.net\/no\/wp-json\/wp\/v2\/product_brand?post=522962"},{"taxonomy":"product_cat","embeddable":true,"href":"https:\/\/games.tactic.net\/no\/wp-json\/wp\/v2\/product_cat?post=522962"},{"taxonomy":"product_tag","embeddable":true,"href":"https:\/\/games.tactic.net\/no\/wp-json\/wp\/v2\/product_tag?post=522962"},{"taxonomy":"brand","embeddable":true,"href":"https:\/\/games.tactic.net\/no\/wp-json\/wp\/v2\/brand?post=522962"},{"taxonomy":"target-group","embeddable":true,"href":"https:\/\/games.tactic.net\/no\/wp-json\/wp\/v2\/target-group?post=522962"},{"taxonomy":"discontinued","embeddable":true,"href":"https:\/\/games.tactic.net\/no\/wp-json\/wp\/v2\/discontinued?post=522962"}],"curies":[{"name":"wp","href":"https:\/\/api.w.org\/{rel}","templated":true}]}}