{"id":515290,"date":"2022-03-18T08:17:04","date_gmt":"2022-03-18T06:17:04","guid":{"rendered":"http:\/\/games.tactic.net\/tuote\/ordbingo\/"},"modified":"2023-10-25T16:37:39","modified_gmt":"2023-10-25T13:37:39","slug":"ordbingo","status":"publish","type":"product","link":"https:\/\/games.tactic.net\/no\/tuote\/ordbingo\/","title":{"rendered":"Ordbingo"},"content":{"rendered":"<p>Sammenlign ordene og bokstavene \u2013 f\u00f8r tiden er ute!  Kortene gir deg emnet, brettet gir deg bokstavene. Finn frem til ord som starter med bokstavene p\u00e5 brettet og som passer emnene, f\u00f8r sanden renner ut. Spesialkortene endrer spillereglene n\u00e5r du minst venter det!<br \/>\nOrdbingo er perfekt for enhver sammenkomst!<br \/>\nPasser for familier og venner.<br \/>\nDet g\u00e5r fort \u00e5 l\u00e6re de enkle reglene.<\/p>\n","protected":false},"excerpt":{"rendered":"<p>Sammenlign ordene og bokstavene \u2013 f\u00f8r tiden er ute! Kortene gir deg emnet, brettet gir deg bokstavene. Finn frem til ord som starter med bokstavene p\u00e5 brettet og som passer emnene, f\u00f8r sanden renner ut. Spesialkortene endrer spillereglene n\u00e5r du minst venter det!<\/p>\n","protected":false},"featured_media":0,"template":"","meta":{"content-type":"","_monsterinsights_skip_tracking":false,"_monsterinsights_sitenote_active":false,"_monsterinsights_sitenote_note":"","_monsterinsights_sitenote_category":0},"product_brand":[],"product_cat":[1619],"product_tag":[],"brand":[],"target-group":[],"discontinued":[],"class_list":{"0":"post-515290","1":"product","2":"type-product","3":"status-publish","5":"product_cat-brettspill","7":"first","8":"instock","9":"taxable","10":"shipping-taxable","11":"product-type-simple"},"aioseo_notices":[],"_links":{"self":[{"href":"https:\/\/games.tactic.net\/no\/wp-json\/wp\/v2\/product\/515290","targetHints":{"allow":["GET"]}}],"collection":[{"href":"https:\/\/games.tactic.net\/no\/wp-json\/wp\/v2\/product"}],"about":[{"href":"https:\/\/games.tactic.net\/no\/wp-json\/wp\/v2\/types\/product"}],"wp:attachment":[{"href":"https:\/\/games.tactic.net\/no\/wp-json\/wp\/v2\/media?parent=515290"}],"wp:term":[{"taxonomy":"product_brand","embeddable":true,"href":"https:\/\/games.tactic.net\/no\/wp-json\/wp\/v2\/product_brand?post=515290"},{"taxonomy":"product_cat","embeddable":true,"href":"https:\/\/games.tactic.net\/no\/wp-json\/wp\/v2\/product_cat?post=515290"},{"taxonomy":"product_tag","embeddable":true,"href":"https:\/\/games.tactic.net\/no\/wp-json\/wp\/v2\/product_tag?post=515290"},{"taxonomy":"brand","embeddable":true,"href":"https:\/\/games.tactic.net\/no\/wp-json\/wp\/v2\/brand?post=515290"},{"taxonomy":"target-group","embeddable":true,"href":"https:\/\/games.tactic.net\/no\/wp-json\/wp\/v2\/target-group?post=515290"},{"taxonomy":"discontinued","embeddable":true,"href":"https:\/\/games.tactic.net\/no\/wp-json\/wp\/v2\/discontinued?post=515290"}],"curies":[{"name":"wp","href":"https:\/\/api.w.org\/{rel}","templated":true}]}}