{"id":515093,"date":"2022-03-18T08:11:11","date_gmt":"2022-03-18T06:11:11","guid":{"rendered":"http:\/\/games.tactic.net\/tuote\/vi-laerer-oss-skoledagen\/"},"modified":"2024-03-06T14:08:49","modified_gmt":"2024-03-06T12:08:49","slug":"vi-laerer-oss-skoledagen","status":"publish","type":"product","link":"https:\/\/games.tactic.net\/no\/tuote\/vi-laerer-oss-skoledagen\/","title":{"rendered":"Vi l\u00e6rer oss Skoledagen"},"content":{"rendered":"<p>La oss leke skole!  I dette spillet f\u00e5r selv de yngste spillerne se hvordan det kan v\u00e6re p\u00e5 skolen. Spillet inneholder oppgavekort fra sju forskjellige skolefag. \u00c9n spiller er l\u00e6reren, mens de andre er elevene som skriver svarene sine p\u00e5 tavler som kan t\u00f8rkes av. Samle \u00e9n brikke fra hvert skolefag f\u00f8r klokkeviserne peker p\u00e5 tre.<br \/>\nSkolefagene og innholdet f\u00f8lger den finske l\u00e6replanen.<br \/>\nInkluderer flotte tegne-\/skrivetavler som kan t\u00f8rkes av samt en flott spillklokke!<br \/>\nSpillkomponentene kan ogs\u00e5 brukes i vanlig spilling.<\/p>\n","protected":false},"excerpt":{"rendered":"<p>La oss leke skole! I dette spillet f\u00e5r selv de yngste spillerne se hvordan det kan v\u00e6re p\u00e5 skolen. Spillet inneholder oppgavekort fra sju forskjellige skolefag. \u00c9n spiller er l\u00e6reren, mens de andre er elevene som skriver svarene sine p\u00e5 tavler som kan t\u00f8rkes av. Samle \u00e9n brikke fra hvert skolefag f\u00f8r klokkeviserne peker p\u00e5 tre.<\/p>\n","protected":false},"featured_media":0,"template":"","meta":{"content-type":"","_monsterinsights_skip_tracking":false,"_monsterinsights_sitenote_active":false,"_monsterinsights_sitenote_note":"","_monsterinsights_sitenote_category":0},"product_brand":[],"product_cat":[1663],"product_tag":[1255],"brand":[{"id":861,"name":"Let's Learn","slug":"letslearn-no"}],"target-group":[],"discontinued":[],"class_list":{"0":"post-515093","1":"product","2":"type-product","3":"status-publish","5":"product_cat-laerespill","6":"product_tag-pedagogisk-no","7":"brand-letslearn-no","9":"first","10":"instock","11":"taxable","12":"shipping-taxable","13":"product-type-simple"},"aioseo_notices":[],"_links":{"self":[{"href":"https:\/\/games.tactic.net\/no\/wp-json\/wp\/v2\/product\/515093","targetHints":{"allow":["GET"]}}],"collection":[{"href":"https:\/\/games.tactic.net\/no\/wp-json\/wp\/v2\/product"}],"about":[{"href":"https:\/\/games.tactic.net\/no\/wp-json\/wp\/v2\/types\/product"}],"wp:attachment":[{"href":"https:\/\/games.tactic.net\/no\/wp-json\/wp\/v2\/media?parent=515093"}],"wp:term":[{"taxonomy":"product_brand","embeddable":true,"href":"https:\/\/games.tactic.net\/no\/wp-json\/wp\/v2\/product_brand?post=515093"},{"taxonomy":"product_cat","embeddable":true,"href":"https:\/\/games.tactic.net\/no\/wp-json\/wp\/v2\/product_cat?post=515093"},{"taxonomy":"product_tag","embeddable":true,"href":"https:\/\/games.tactic.net\/no\/wp-json\/wp\/v2\/product_tag?post=515093"},{"taxonomy":"brand","embeddable":true,"href":"https:\/\/games.tactic.net\/no\/wp-json\/wp\/v2\/brand?post=515093"},{"taxonomy":"target-group","embeddable":true,"href":"https:\/\/games.tactic.net\/no\/wp-json\/wp\/v2\/target-group?post=515093"},{"taxonomy":"discontinued","embeddable":true,"href":"https:\/\/games.tactic.net\/no\/wp-json\/wp\/v2\/discontinued?post=515093"}],"curies":[{"name":"wp","href":"https:\/\/api.w.org\/{rel}","templated":true}]}}