{"id":515078,"date":"2022-03-18T08:10:15","date_gmt":"2022-03-18T06:10:15","guid":{"rendered":"http:\/\/games.tactic.net\/tuote\/vi-laerer-oss-a-lese\/"},"modified":"2023-10-17T19:23:36","modified_gmt":"2023-10-17T16:23:36","slug":"vi-laerer-oss-a-lese","status":"publish","type":"product","link":"https:\/\/games.tactic.net\/no\/tuote\/vi-laerer-oss-a-lese\/","title":{"rendered":"Vi l\u00e6rer oss \u00e5 Lese"},"content":{"rendered":"<p>Hvem er den s\u00f8teste?  Du finner ikke et s\u00f8tere spill! Disse kortene er fulle av elskelige pelsdotter og s\u00f8te sm\u00e5 skapninger. Sammelign deres s\u00f8thet, kosbarhet og mer, og pr\u00f8v \u00e5 vinne kortene ved \u00e5 presentere de h\u00f8yeste verdiene. Hvert kort inneholder en enkel setning som oppmuntrer de unge spillerne til \u00e5 lese.<br \/>\nTydelig tekst er lett for nybegynnere \u00e5 lese.<br \/>\nKjent spillemetode som passer for spillere i alle aldre.<br \/>\nDette kompakte spillet er enkelt \u00e5 ta med seg overalt!<\/p>\n","protected":false},"excerpt":{"rendered":"<p>Hvem er den s\u00f8teste? Du finner ikke et s\u00f8tere spill! Disse kortene er fulle av elskelige pelsdotter og s\u00f8te sm\u00e5 skapninger. Sammelign deres s\u00f8thet, kosbarhet og mer, og pr\u00f8v \u00e5 vinne kortene ved \u00e5 presentere de h\u00f8yeste verdiene. Hvert kort inneholder en enkel setning som oppmuntrer de unge spillerne til \u00e5 lese<\/p>\n","protected":false},"featured_media":0,"template":"","meta":{"content-type":"","_monsterinsights_skip_tracking":false,"_monsterinsights_sitenote_active":false,"_monsterinsights_sitenote_note":"","_monsterinsights_sitenote_category":0},"product_brand":[],"product_cat":[1663],"product_tag":[1748],"brand":[{"id":861,"name":"Let's Learn","slug":"letslearn-no"}],"target-group":[],"discontinued":[],"class_list":{"0":"post-515078","1":"product","2":"type-product","3":"status-publish","5":"product_cat-laerespill","6":"product_tag-lesing","7":"brand-letslearn-no","9":"first","10":"instock","11":"taxable","12":"shipping-taxable","13":"product-type-simple"},"aioseo_notices":[],"_links":{"self":[{"href":"https:\/\/games.tactic.net\/no\/wp-json\/wp\/v2\/product\/515078","targetHints":{"allow":["GET"]}}],"collection":[{"href":"https:\/\/games.tactic.net\/no\/wp-json\/wp\/v2\/product"}],"about":[{"href":"https:\/\/games.tactic.net\/no\/wp-json\/wp\/v2\/types\/product"}],"wp:attachment":[{"href":"https:\/\/games.tactic.net\/no\/wp-json\/wp\/v2\/media?parent=515078"}],"wp:term":[{"taxonomy":"product_brand","embeddable":true,"href":"https:\/\/games.tactic.net\/no\/wp-json\/wp\/v2\/product_brand?post=515078"},{"taxonomy":"product_cat","embeddable":true,"href":"https:\/\/games.tactic.net\/no\/wp-json\/wp\/v2\/product_cat?post=515078"},{"taxonomy":"product_tag","embeddable":true,"href":"https:\/\/games.tactic.net\/no\/wp-json\/wp\/v2\/product_tag?post=515078"},{"taxonomy":"brand","embeddable":true,"href":"https:\/\/games.tactic.net\/no\/wp-json\/wp\/v2\/brand?post=515078"},{"taxonomy":"target-group","embeddable":true,"href":"https:\/\/games.tactic.net\/no\/wp-json\/wp\/v2\/target-group?post=515078"},{"taxonomy":"discontinued","embeddable":true,"href":"https:\/\/games.tactic.net\/no\/wp-json\/wp\/v2\/discontinued?post=515078"}],"curies":[{"name":"wp","href":"https:\/\/api.w.org\/{rel}","templated":true}]}}