{"id":510406,"date":"2022-03-15T14:36:37","date_gmt":"2022-03-15T12:36:37","guid":{"rendered":"http:\/\/games.tactic.net\/tuote\/totem-2\/"},"modified":"2023-10-25T16:02:43","modified_gmt":"2023-10-25T13:02:43","slug":"totem-2","status":"publish","type":"product","link":"https:\/\/games.tactic.net\/no\/tuote\/totem-2\/","title":{"rendered":"Totem board game"},"content":{"rendered":"<p>Bruk symbolene og finn en vei til den andre siden!  I dette brettspillet for hele familien bruker spillerne symbolene p\u00e5 brikkene og spillbrettet til \u00e5 lage den beste mulige stien for dem selv \u2013 og for \u00e5 stoppe de andre spillerne. Totem er lett \u00e5 l\u00e6re, men tilbyr den perfekte utfordringen.<br \/>\nLeveres med spillb\u00f8nder av tre med h\u00f8y kvalitet!<br \/>\nKlassisk spillkonsept.<br \/>\nEt spennende spill som er lett \u00e5 l\u00e6re!<\/p>\n","protected":false},"excerpt":{"rendered":"<p>Bruk symbolene og finn en vei til den andre siden! I dette brettspillet for hele familien bruker spillerne symbolene p\u00e5 brikkene og spillbrettet til \u00e5 lage den beste mulige stien for dem selv \u2013 og for \u00e5 stoppe de andre spillerne. Totem er lett \u00e5 l\u00e6re, men tilbyr den perfekte utfordringen.<\/p>\n","protected":false},"featured_media":0,"template":"","meta":{"content-type":"","_monsterinsights_skip_tracking":false,"_monsterinsights_sitenote_active":false,"_monsterinsights_sitenote_note":"","_monsterinsights_sitenote_category":0},"product_brand":[],"product_cat":[1593,1619],"product_tag":[],"brand":[],"target-group":[],"discontinued":[],"class_list":{"0":"post-510406","1":"product","2":"type-product","3":"status-publish","5":"product_cat-andre-spill","6":"product_cat-brettspill","8":"first","9":"instock","10":"taxable","11":"shipping-taxable","12":"product-type-simple"},"aioseo_notices":[],"_links":{"self":[{"href":"https:\/\/games.tactic.net\/no\/wp-json\/wp\/v2\/product\/510406","targetHints":{"allow":["GET"]}}],"collection":[{"href":"https:\/\/games.tactic.net\/no\/wp-json\/wp\/v2\/product"}],"about":[{"href":"https:\/\/games.tactic.net\/no\/wp-json\/wp\/v2\/types\/product"}],"wp:attachment":[{"href":"https:\/\/games.tactic.net\/no\/wp-json\/wp\/v2\/media?parent=510406"}],"wp:term":[{"taxonomy":"product_brand","embeddable":true,"href":"https:\/\/games.tactic.net\/no\/wp-json\/wp\/v2\/product_brand?post=510406"},{"taxonomy":"product_cat","embeddable":true,"href":"https:\/\/games.tactic.net\/no\/wp-json\/wp\/v2\/product_cat?post=510406"},{"taxonomy":"product_tag","embeddable":true,"href":"https:\/\/games.tactic.net\/no\/wp-json\/wp\/v2\/product_tag?post=510406"},{"taxonomy":"brand","embeddable":true,"href":"https:\/\/games.tactic.net\/no\/wp-json\/wp\/v2\/brand?post=510406"},{"taxonomy":"target-group","embeddable":true,"href":"https:\/\/games.tactic.net\/no\/wp-json\/wp\/v2\/target-group?post=510406"},{"taxonomy":"discontinued","embeddable":true,"href":"https:\/\/games.tactic.net\/no\/wp-json\/wp\/v2\/discontinued?post=510406"}],"curies":[{"name":"wp","href":"https:\/\/api.w.org\/{rel}","templated":true}]}}