{"id":510362,"date":"2022-03-15T14:35:33","date_gmt":"2022-03-15T12:35:33","guid":{"rendered":"http:\/\/games.tactic.net\/tuote\/touche-2\/"},"modified":"2023-10-25T15:06:10","modified_gmt":"2023-10-25T12:06:10","slug":"touche-2","status":"publish","type":"product","link":"https:\/\/games.tactic.net\/no\/tuote\/touche-2\/","title":{"rendered":"Touch\u00e9 board game"},"content":{"rendered":"<p>Touch\u00e9 \u2013 en ekte brettspillklassiker!  Spill kort fra h\u00e5nden din og erobre spillbrettet med dine egne brikker. Dette klassiske spillet krever taktikk og flaks, men det er ingen mangel p\u00e5 spenning. Kan du forutsi hva de andre skal gj\u00f8re, og vil du bli Touch\u00e9-mesteren i din familie?<br \/>\nLeveres med spilldeler av h\u00f8y kvalitet.<br \/>\nEn ekte spillklassiker!<br \/>\nTildelt Mensa Select-prisen.<\/p>\n<p><img decoding=\"async\" src=\"https:\\\\\\\\games.tactic.net\\\\pic\\\\logo\\\\Awarded_concept.png\"><\/p>\n","protected":false},"excerpt":{"rendered":"<p>Touch\u00e9 \u2013 en ekte brettspillklassiker! Spill kort fra h\u00e5nden din og erobre spillbrettet med dine egne brikker. Dette klassiske spillet krever taktikk og flaks, men det er ingen mangel p\u00e5 spenning. Kan du forutsi hva de andre skal gj\u00f8re, og vil du bli Touch\u00e9-mesteren i din familie?<\/p>\n","protected":false},"featured_media":0,"template":"","meta":{"content-type":"","_monsterinsights_skip_tracking":false,"_monsterinsights_sitenote_active":false,"_monsterinsights_sitenote_note":"","_monsterinsights_sitenote_category":0},"product_brand":[],"product_cat":[1619,1457],"product_tag":[1239],"brand":[],"target-group":[],"discontinued":[],"class_list":{"0":"post-510362","1":"product","2":"type-product","3":"status-publish","5":"product_cat-brettspill","6":"product_cat-strategispill-voksenspill","7":"product_tag-strategi-no","9":"first","10":"instock","11":"taxable","12":"shipping-taxable","13":"product-type-simple"},"aioseo_notices":[],"_links":{"self":[{"href":"https:\/\/games.tactic.net\/no\/wp-json\/wp\/v2\/product\/510362","targetHints":{"allow":["GET"]}}],"collection":[{"href":"https:\/\/games.tactic.net\/no\/wp-json\/wp\/v2\/product"}],"about":[{"href":"https:\/\/games.tactic.net\/no\/wp-json\/wp\/v2\/types\/product"}],"wp:attachment":[{"href":"https:\/\/games.tactic.net\/no\/wp-json\/wp\/v2\/media?parent=510362"}],"wp:term":[{"taxonomy":"product_brand","embeddable":true,"href":"https:\/\/games.tactic.net\/no\/wp-json\/wp\/v2\/product_brand?post=510362"},{"taxonomy":"product_cat","embeddable":true,"href":"https:\/\/games.tactic.net\/no\/wp-json\/wp\/v2\/product_cat?post=510362"},{"taxonomy":"product_tag","embeddable":true,"href":"https:\/\/games.tactic.net\/no\/wp-json\/wp\/v2\/product_tag?post=510362"},{"taxonomy":"brand","embeddable":true,"href":"https:\/\/games.tactic.net\/no\/wp-json\/wp\/v2\/brand?post=510362"},{"taxonomy":"target-group","embeddable":true,"href":"https:\/\/games.tactic.net\/no\/wp-json\/wp\/v2\/target-group?post=510362"},{"taxonomy":"discontinued","embeddable":true,"href":"https:\/\/games.tactic.net\/no\/wp-json\/wp\/v2\/discontinued?post=510362"}],"curies":[{"name":"wp","href":"https:\/\/api.w.org\/{rel}","templated":true}]}}