{"id":504174,"date":"2022-03-02T09:20:26","date_gmt":"2022-03-02T07:20:26","guid":{"rendered":"http:\/\/games.tactic.net\/tuote\/lets-learn-memorize-abc\/"},"modified":"2023-10-17T19:24:46","modified_gmt":"2023-10-17T16:24:46","slug":"lets-learn-memorize-abc","status":"publish","type":"product","link":"https:\/\/games.tactic.net\/no\/tuote\/lets-learn-memorize-abc\/","title":{"rendered":"Vi l\u00e6rer oss Memo ABC"},"content":{"rendered":"<p>Vi l\u00e6rer oss alfabetet!  Du kan l\u00e6re p\u00e5 mange forskjellige m\u00e5ter \u2013 ogs\u00e5 ved \u00e5 spille spill! Spill det fargerike sammenligningsspillet og l\u00e6r bokstavene fra brikkene. Spilleren som finner de fleste bildeparene vinner spillet. Spillet inkluderer en lekker plakat i A3-st\u00f8rrelse med morsomme bilder. Se etter forskjellige ting basert p\u00e5 de f\u00f8rste lydene deres, og utvikle leseferdighetene skritt for skritt.<br \/>\nDet klassiske sammenligningsspillet er en varig klassiker!<br \/>\nInkluderer en stor plakat som gj\u00f8r l\u00e6ring morsomt.<br \/>\nLet\u00b4s Learn-spillserien fra Tactic Games er utviklet av profesjonelle pedagoger.<\/p>\n","protected":false},"excerpt":{"rendered":"<p>Vi l\u00e6rer oss alfabetet! Du kan l\u00e6re p\u00e5 mange forskjellige m\u00e5ter \u2013 ogs\u00e5 ved \u00e5 spille spill! Spill det fargerike sammenligningsspillet og l\u00e6r bokstavene fra brikkene. Spilleren som finner de fleste bildeparene vinner spillet. Spillet inkluderer en lekker plakat i A3-st\u00f8rrelse med morsomme bilder. Se etter forskjellige ting basert p\u00e5 de f\u00f8rste lydene deres, og utvikle leseferdighetene skritt for skritt.<\/p>\n","protected":false},"featured_media":0,"template":"","meta":{"content-type":"","_monsterinsights_skip_tracking":false,"_monsterinsights_sitenote_active":false,"_monsterinsights_sitenote_note":"","_monsterinsights_sitenote_category":0},"product_brand":[],"product_cat":[1663,1651],"product_tag":[1233,1255],"brand":[{"id":861,"name":"Let's Learn","slug":"letslearn-no"}],"target-group":[],"discontinued":[],"class_list":{"0":"post-504174","1":"product","2":"type-product","3":"status-publish","5":"product_cat-laerespill","6":"product_cat-memospill","7":"product_tag-kombinere-no","8":"product_tag-pedagogisk-no","9":"brand-letslearn-no","11":"first","12":"instock","13":"taxable","14":"shipping-taxable","15":"product-type-simple"},"aioseo_notices":[],"_links":{"self":[{"href":"https:\/\/games.tactic.net\/no\/wp-json\/wp\/v2\/product\/504174","targetHints":{"allow":["GET"]}}],"collection":[{"href":"https:\/\/games.tactic.net\/no\/wp-json\/wp\/v2\/product"}],"about":[{"href":"https:\/\/games.tactic.net\/no\/wp-json\/wp\/v2\/types\/product"}],"wp:attachment":[{"href":"https:\/\/games.tactic.net\/no\/wp-json\/wp\/v2\/media?parent=504174"}],"wp:term":[{"taxonomy":"product_brand","embeddable":true,"href":"https:\/\/games.tactic.net\/no\/wp-json\/wp\/v2\/product_brand?post=504174"},{"taxonomy":"product_cat","embeddable":true,"href":"https:\/\/games.tactic.net\/no\/wp-json\/wp\/v2\/product_cat?post=504174"},{"taxonomy":"product_tag","embeddable":true,"href":"https:\/\/games.tactic.net\/no\/wp-json\/wp\/v2\/product_tag?post=504174"},{"taxonomy":"brand","embeddable":true,"href":"https:\/\/games.tactic.net\/no\/wp-json\/wp\/v2\/brand?post=504174"},{"taxonomy":"target-group","embeddable":true,"href":"https:\/\/games.tactic.net\/no\/wp-json\/wp\/v2\/target-group?post=504174"},{"taxonomy":"discontinued","embeddable":true,"href":"https:\/\/games.tactic.net\/no\/wp-json\/wp\/v2\/discontinued?post=504174"}],"curies":[{"name":"wp","href":"https:\/\/api.w.org\/{rel}","templated":true}]}}