{"id":503317,"date":"2022-02-24T14:25:25","date_gmt":"2022-02-24T12:25:25","guid":{"rendered":"http:\/\/games.tactic.net\/tuote\/lumo-get-well-pink-bear-with-thermometer\/"},"modified":"2023-10-20T10:24:40","modified_gmt":"2023-10-20T07:24:40","slug":"lumo-get-well-pink-bear-with-thermometer","status":"publish","type":"product","link":"https:\/\/games.tactic.net\/no\/tuote\/lumo-get-well-pink-bear-with-thermometer\/","title":{"rendered":"Lumo Stars Get Well Pink Bear with thermometer plush"},"content":{"rendered":"<p>Classic 15 cm. Glade, kosete, vennlige, snille og s\u00f8te kosedyr. Samle alle og smil mer! De s\u00f8te myke lekene i Northern Brights-kolleksjonen er basert p\u00e5 modeller fra dyrelivet i den nordiske naturen. Ekte finsk design. Denne lille bamsen har feber. Skjem bort meg litt for \u00e5 hjelpe meg \u00e5 bli raskere.<\/p>\n","protected":false},"excerpt":{"rendered":"<p><\/p>\n","protected":false},"featured_media":0,"template":"","meta":{"content-type":"","_monsterinsights_skip_tracking":false,"_monsterinsights_sitenote_active":false,"_monsterinsights_sitenote_note":"","_monsterinsights_sitenote_category":0},"product_brand":[],"product_cat":[1679],"product_tag":[491],"brand":[{"id":1019,"name":"Lumo Stars","slug":"lumo-stars_no"}],"target-group":[],"discontinued":[],"class_list":{"0":"post-503317","1":"product","2":"type-product","3":"status-publish","5":"product_cat-classic-plysj-kosedyr","6":"product_tag-lumo-stars","7":"brand-lumo-stars_no","9":"first","10":"instock","11":"taxable","12":"shipping-taxable","13":"product-type-simple"},"aioseo_notices":[],"_links":{"self":[{"href":"https:\/\/games.tactic.net\/no\/wp-json\/wp\/v2\/product\/503317","targetHints":{"allow":["GET"]}}],"collection":[{"href":"https:\/\/games.tactic.net\/no\/wp-json\/wp\/v2\/product"}],"about":[{"href":"https:\/\/games.tactic.net\/no\/wp-json\/wp\/v2\/types\/product"}],"wp:attachment":[{"href":"https:\/\/games.tactic.net\/no\/wp-json\/wp\/v2\/media?parent=503317"}],"wp:term":[{"taxonomy":"product_brand","embeddable":true,"href":"https:\/\/games.tactic.net\/no\/wp-json\/wp\/v2\/product_brand?post=503317"},{"taxonomy":"product_cat","embeddable":true,"href":"https:\/\/games.tactic.net\/no\/wp-json\/wp\/v2\/product_cat?post=503317"},{"taxonomy":"product_tag","embeddable":true,"href":"https:\/\/games.tactic.net\/no\/wp-json\/wp\/v2\/product_tag?post=503317"},{"taxonomy":"brand","embeddable":true,"href":"https:\/\/games.tactic.net\/no\/wp-json\/wp\/v2\/brand?post=503317"},{"taxonomy":"target-group","embeddable":true,"href":"https:\/\/games.tactic.net\/no\/wp-json\/wp\/v2\/target-group?post=503317"},{"taxonomy":"discontinued","embeddable":true,"href":"https:\/\/games.tactic.net\/no\/wp-json\/wp\/v2\/discontinued?post=503317"}],"curies":[{"name":"wp","href":"https:\/\/api.w.org\/{rel}","templated":true}]}}