{"id":502369,"date":"2022-02-24T12:07:46","date_gmt":"2022-02-24T10:07:46","guid":{"rendered":"http:\/\/games.tactic.net\/tuote\/veggies-and-berries-strawberry-tilda\/"},"modified":"2024-11-08T12:14:07","modified_gmt":"2024-11-08T10:14:07","slug":"veggies-and-berries-strawberry-tilda","status":"archive","type":"product","link":"https:\/\/games.tactic.net\/no\/tuote\/veggies-and-berries-strawberry-tilda\/","title":{"rendered":"Lumo Stars Veggies and Berries Strawberry Tilda plush"},"content":{"rendered":"<p>Classic 15 cm. Samlebar baby dyr plysj. Glad, huggable, vennlig, snill og s\u00f8t. Vi smiler mer! S\u00f8t plysjsamling i Northern Brights er basert p\u00e5 den ekte nordiske naturen og dyrelivet. Finsk design. Jeg er s\u00f8t, ikke sant? Men du er den s\u00f8teste. Jeg vil gjerne ha en venn som deg!<\/p>\n","protected":false},"excerpt":{"rendered":"<p>Classic 15 cm. Samlebar baby dyr plysj. Glad, huggable, vennlig, snill og s\u00f8t. Vi smiler mer! S\u00f8t plysjsamling i Northern Brights er basert p\u00e5 den ekte nordiske naturen og dyrelivet. Finsk design. Jeg er s\u00f8t, ikke sant? Men du er den s\u00f8teste. Jeg vil gjerne ha en venn som deg!<\/p>\n","protected":false},"featured_media":0,"template":"","meta":{"content-type":"","_monsterinsights_skip_tracking":false,"_monsterinsights_sitenote_active":false,"_monsterinsights_sitenote_note":"","_monsterinsights_sitenote_category":0},"product_brand":[],"product_cat":[1683],"product_tag":[1258],"brand":[{"id":1019,"name":"Lumo Stars","slug":"lumo-stars_no"}],"target-group":[],"discontinued":[],"class_list":{"0":"post-502369","1":"product","2":"type-product","3":"status-archive","5":"product_cat-veggies-and-berries-plysj-kosedyr","6":"product_tag-lumo-stars-no","7":"brand-lumo-stars_no","9":"first","10":"outofstock","11":"taxable","12":"shipping-taxable","13":"product-type-simple"},"aioseo_notices":[],"_links":{"self":[{"href":"https:\/\/games.tactic.net\/no\/wp-json\/wp\/v2\/product\/502369","targetHints":{"allow":["GET"]}}],"collection":[{"href":"https:\/\/games.tactic.net\/no\/wp-json\/wp\/v2\/product"}],"about":[{"href":"https:\/\/games.tactic.net\/no\/wp-json\/wp\/v2\/types\/product"}],"wp:attachment":[{"href":"https:\/\/games.tactic.net\/no\/wp-json\/wp\/v2\/media?parent=502369"}],"wp:term":[{"taxonomy":"product_brand","embeddable":true,"href":"https:\/\/games.tactic.net\/no\/wp-json\/wp\/v2\/product_brand?post=502369"},{"taxonomy":"product_cat","embeddable":true,"href":"https:\/\/games.tactic.net\/no\/wp-json\/wp\/v2\/product_cat?post=502369"},{"taxonomy":"product_tag","embeddable":true,"href":"https:\/\/games.tactic.net\/no\/wp-json\/wp\/v2\/product_tag?post=502369"},{"taxonomy":"brand","embeddable":true,"href":"https:\/\/games.tactic.net\/no\/wp-json\/wp\/v2\/brand?post=502369"},{"taxonomy":"target-group","embeddable":true,"href":"https:\/\/games.tactic.net\/no\/wp-json\/wp\/v2\/target-group?post=502369"},{"taxonomy":"discontinued","embeddable":true,"href":"https:\/\/games.tactic.net\/no\/wp-json\/wp\/v2\/discontinued?post=502369"}],"curies":[{"name":"wp","href":"https:\/\/api.w.org\/{rel}","templated":true}]}}