{"id":501824,"date":"2022-02-24T11:54:25","date_gmt":"2022-02-24T09:54:25","guid":{"rendered":"http:\/\/games.tactic.net\/tuote\/veggies-and-berries-broccoli-bruno\/"},"modified":"2024-11-08T12:12:36","modified_gmt":"2024-11-08T10:12:36","slug":"veggies-and-berries-broccoli-bruno","status":"archive","type":"product","link":"https:\/\/games.tactic.net\/no\/tuote\/veggies-and-berries-broccoli-bruno\/","title":{"rendered":"Lumo Stars Veggies and Berries Broccoli Bruno plush"},"content":{"rendered":"<p>Classic 15 cm. Samlebar baby dyr plysj. Glad, huggable, vennlig, snill og s\u00f8t. Vi smiler mer! S\u00f8t plysjsamling i Northern Brights er basert p\u00e5 den ekte nordiske naturen og dyrelivet. Finsk design. Vennene mine kjenner meg for min glade og positive holdning, men faktisk er det vennene mine som gj\u00f8r meg glad. For \u00f8yeblikket er jeg den lykkeligste, fordi jeg fikk deg som min nye venn.<\/p>\n","protected":false},"excerpt":{"rendered":"<p>Classic 15 cm. Samlebar baby dyr plysj. Glad, huggable, vennlig, snill og s\u00f8t. Vi smiler mer! S\u00f8t plysjsamling i Northern Brights er basert p\u00e5 den ekte nordiske naturen og dyrelivet. Finsk design. Vennene mine kjenner meg for min glade og positive holdning, men faktisk er det vennene mine som gj\u00f8r meg glad. For \u00f8yeblikket er [&hellip;]<\/p>\n","protected":false},"featured_media":0,"template":"","meta":{"content-type":"","_monsterinsights_skip_tracking":false,"_monsterinsights_sitenote_active":false,"_monsterinsights_sitenote_note":"","_monsterinsights_sitenote_category":0},"product_brand":[],"product_cat":[1683],"product_tag":[1258],"brand":[],"target-group":[],"discontinued":[],"class_list":{"0":"post-501824","1":"product","2":"type-product","3":"status-archive","5":"product_cat-veggies-and-berries-plysj-kosedyr","6":"product_tag-lumo-stars-no","8":"first","9":"outofstock","10":"taxable","11":"shipping-taxable","12":"product-type-simple"},"aioseo_notices":[],"_links":{"self":[{"href":"https:\/\/games.tactic.net\/no\/wp-json\/wp\/v2\/product\/501824","targetHints":{"allow":["GET"]}}],"collection":[{"href":"https:\/\/games.tactic.net\/no\/wp-json\/wp\/v2\/product"}],"about":[{"href":"https:\/\/games.tactic.net\/no\/wp-json\/wp\/v2\/types\/product"}],"wp:attachment":[{"href":"https:\/\/games.tactic.net\/no\/wp-json\/wp\/v2\/media?parent=501824"}],"wp:term":[{"taxonomy":"product_brand","embeddable":true,"href":"https:\/\/games.tactic.net\/no\/wp-json\/wp\/v2\/product_brand?post=501824"},{"taxonomy":"product_cat","embeddable":true,"href":"https:\/\/games.tactic.net\/no\/wp-json\/wp\/v2\/product_cat?post=501824"},{"taxonomy":"product_tag","embeddable":true,"href":"https:\/\/games.tactic.net\/no\/wp-json\/wp\/v2\/product_tag?post=501824"},{"taxonomy":"brand","embeddable":true,"href":"https:\/\/games.tactic.net\/no\/wp-json\/wp\/v2\/brand?post=501824"},{"taxonomy":"target-group","embeddable":true,"href":"https:\/\/games.tactic.net\/no\/wp-json\/wp\/v2\/target-group?post=501824"},{"taxonomy":"discontinued","embeddable":true,"href":"https:\/\/games.tactic.net\/no\/wp-json\/wp\/v2\/discontinued?post=501824"}],"curies":[{"name":"wp","href":"https:\/\/api.w.org\/{rel}","templated":true}]}}