{"id":501580,"date":"2022-02-24T11:01:39","date_gmt":"2022-02-24T09:01:39","guid":{"rendered":"http:\/\/games.tactic.net\/tuote\/veggies-and-berries-cabbage-teikku\/"},"modified":"2024-11-08T12:11:51","modified_gmt":"2024-11-08T10:11:51","slug":"veggies-and-berries-cabbage-teikku","status":"archive","type":"product","link":"https:\/\/games.tactic.net\/no\/tuote\/veggies-and-berries-cabbage-teikku\/","title":{"rendered":"Lumo Stars Veggies and Berries Cabbage Teikku plush"},"content":{"rendered":"<p>Classic 15 cm. Samlebar baby dyr plysj. Glad, huggable, vennlig, snill og s\u00f8t. Vi smiler mer! S\u00f8t plysjsamling i Northern Brights er basert p\u00e5 den ekte nordiske naturen og dyrelivet. Finsk design. Jeg er en supersunn og n\u00e6ringsrik gr\u00f8nnsak som elsker \u00e5 v\u00e6re snill og omsorgsfull. Jeg vil v\u00e6re din venn.<\/p>\n","protected":false},"excerpt":{"rendered":"<p>Classic 15 cm. Samlebar baby dyr plysj. Glad, huggable, vennlig, snill og s\u00f8t. Vi smiler mer! S\u00f8t plysjsamling i Northern Brights er basert p\u00e5 den ekte nordiske naturen og dyrelivet. Finsk design. Jeg er en supersunn og n\u00e6ringsrik gr\u00f8nnsak som elsker \u00e5 v\u00e6re snill og omsorgsfull. Jeg vil v\u00e6re din venn.<\/p>\n","protected":false},"featured_media":0,"template":"","meta":{"content-type":"","_monsterinsights_skip_tracking":false,"_monsterinsights_sitenote_active":false,"_monsterinsights_sitenote_note":"","_monsterinsights_sitenote_category":0},"product_brand":[],"product_cat":[1683],"product_tag":[1258],"brand":[],"target-group":[],"discontinued":[],"class_list":{"0":"post-501580","1":"product","2":"type-product","3":"status-archive","5":"product_cat-veggies-and-berries-plysj-kosedyr","6":"product_tag-lumo-stars-no","8":"first","9":"outofstock","10":"taxable","11":"shipping-taxable","12":"product-type-simple"},"aioseo_notices":[],"_links":{"self":[{"href":"https:\/\/games.tactic.net\/no\/wp-json\/wp\/v2\/product\/501580","targetHints":{"allow":["GET"]}}],"collection":[{"href":"https:\/\/games.tactic.net\/no\/wp-json\/wp\/v2\/product"}],"about":[{"href":"https:\/\/games.tactic.net\/no\/wp-json\/wp\/v2\/types\/product"}],"wp:attachment":[{"href":"https:\/\/games.tactic.net\/no\/wp-json\/wp\/v2\/media?parent=501580"}],"wp:term":[{"taxonomy":"product_brand","embeddable":true,"href":"https:\/\/games.tactic.net\/no\/wp-json\/wp\/v2\/product_brand?post=501580"},{"taxonomy":"product_cat","embeddable":true,"href":"https:\/\/games.tactic.net\/no\/wp-json\/wp\/v2\/product_cat?post=501580"},{"taxonomy":"product_tag","embeddable":true,"href":"https:\/\/games.tactic.net\/no\/wp-json\/wp\/v2\/product_tag?post=501580"},{"taxonomy":"brand","embeddable":true,"href":"https:\/\/games.tactic.net\/no\/wp-json\/wp\/v2\/brand?post=501580"},{"taxonomy":"target-group","embeddable":true,"href":"https:\/\/games.tactic.net\/no\/wp-json\/wp\/v2\/target-group?post=501580"},{"taxonomy":"discontinued","embeddable":true,"href":"https:\/\/games.tactic.net\/no\/wp-json\/wp\/v2\/discontinued?post=501580"}],"curies":[{"name":"wp","href":"https:\/\/api.w.org\/{rel}","templated":true}]}}