{"id":494572,"date":"2022-02-19T20:15:15","date_gmt":"2022-02-19T18:15:15","guid":{"rendered":"http:\/\/games.tactic.net\/tuote\/lumo-eagle-owl-bubi-classic\/"},"modified":"2025-11-28T09:45:54","modified_gmt":"2025-11-28T07:45:54","slug":"lumo-eagle-owl-bubi-classic","status":"archive","type":"product","link":"https:\/\/games.tactic.net\/no\/tuote\/lumo-eagle-owl-bubi-classic\/","title":{"rendered":"Lumo Stars Eagle Owl Bubi classic plush"},"content":{"rendered":"<p>Classic 15 cm. Samlebar baby dyr plysj. Glad, huggable, vennlig, snill og s\u00f8t. Vi smiler mer! S\u00f8t plysjsamling i Northern Brights er basert p\u00e5 den ekte nordiske naturen og dyrelivet. Finsk design. Jeg liker \u00e5 henge i n\u00e6rheten av fotballstadioner og se p\u00e5 kampene. Vil du bli med meg?<\/p>\n","protected":false},"excerpt":{"rendered":"<p>Classic 15 cm. Samlebar baby dyr plysj. Glad, huggable, vennlig, snill og s\u00f8t. Vi smiler mer! S\u00f8t plysjsamling i Northern Brights er basert p\u00e5 den ekte nordiske naturen og dyrelivet. Finsk design. Jeg liker \u00e5 henge i n\u00e6rheten av fotballstadioner og se p\u00e5 kampene. Vil du bli med meg?<\/p>\n","protected":false},"featured_media":0,"template":"","meta":{"content-type":"","_monsterinsights_skip_tracking":false,"_monsterinsights_sitenote_active":false,"_monsterinsights_sitenote_note":"","_monsterinsights_sitenote_category":0},"product_brand":[],"product_cat":[1679],"product_tag":[1258],"brand":[{"id":1019,"name":"Lumo Stars","slug":"lumo-stars_no"}],"target-group":[],"discontinued":[],"class_list":{"0":"post-494572","1":"product","2":"type-product","3":"status-archive","5":"product_cat-classic-plysj-kosedyr","6":"product_tag-lumo-stars-no","7":"brand-lumo-stars_no","9":"first","10":"outofstock","11":"taxable","12":"shipping-taxable","13":"product-type-simple"},"aioseo_notices":[],"_links":{"self":[{"href":"https:\/\/games.tactic.net\/no\/wp-json\/wp\/v2\/product\/494572","targetHints":{"allow":["GET"]}}],"collection":[{"href":"https:\/\/games.tactic.net\/no\/wp-json\/wp\/v2\/product"}],"about":[{"href":"https:\/\/games.tactic.net\/no\/wp-json\/wp\/v2\/types\/product"}],"wp:attachment":[{"href":"https:\/\/games.tactic.net\/no\/wp-json\/wp\/v2\/media?parent=494572"}],"wp:term":[{"taxonomy":"product_brand","embeddable":true,"href":"https:\/\/games.tactic.net\/no\/wp-json\/wp\/v2\/product_brand?post=494572"},{"taxonomy":"product_cat","embeddable":true,"href":"https:\/\/games.tactic.net\/no\/wp-json\/wp\/v2\/product_cat?post=494572"},{"taxonomy":"product_tag","embeddable":true,"href":"https:\/\/games.tactic.net\/no\/wp-json\/wp\/v2\/product_tag?post=494572"},{"taxonomy":"brand","embeddable":true,"href":"https:\/\/games.tactic.net\/no\/wp-json\/wp\/v2\/brand?post=494572"},{"taxonomy":"target-group","embeddable":true,"href":"https:\/\/games.tactic.net\/no\/wp-json\/wp\/v2\/target-group?post=494572"},{"taxonomy":"discontinued","embeddable":true,"href":"https:\/\/games.tactic.net\/no\/wp-json\/wp\/v2\/discontinued?post=494572"}],"curies":[{"name":"wp","href":"https:\/\/api.w.org\/{rel}","templated":true}]}}