{"id":484541,"date":"2022-02-09T15:40:09","date_gmt":"2022-02-09T13:40:09","guid":{"rendered":"https:\/\/games.tactic.net\/tuote\/veggies-and-berries-morri\/"},"modified":"2024-08-12T12:34:12","modified_gmt":"2024-08-12T09:34:12","slug":"veggies-and-berries-morri","status":"archive","type":"product","link":"https:\/\/games.tactic.net\/no\/tuote\/veggies-and-berries-morri\/","title":{"rendered":"Lumo Stars Veggies and Berries M\u00f6rri plush"},"content":{"rendered":"<p>Classic 15 cm. Glade, kosete, vennlige, snille og s\u00f8te kosedyr. Samle alle og smil mer! De s\u00f8te myke lekene i Northern Brights-kolleksjonen er basert p\u00e5 modeller fra dyrelivet i den nordiske naturen. Ekte finsk design. Selv om jeg ikke er spiselig, kan jeg v\u00e6re en livslang venn som liker \u00e5 sp\u00f8ke og ha det g\u00f8y med deg.<\/p>\n","protected":false},"excerpt":{"rendered":"<p>Classic 15 cm. Glade, kosete, vennlige, snille og s\u00f8te kosedyr. Samle alle og smil mer! De s\u00f8te myke lekene i Northern Brights-kolleksjonen er basert p\u00e5 modeller fra dyrelivet i den nordiske naturen. Ekte finsk design. Selv om jeg ikke er spiselig, kan jeg v\u00e6re en livslang venn som liker \u00e5 sp\u00f8ke og ha det g\u00f8y [&hellip;]<\/p>\n","protected":false},"featured_media":0,"template":"","meta":{"content-type":"","_monsterinsights_skip_tracking":false,"_monsterinsights_sitenote_active":false,"_monsterinsights_sitenote_note":"","_monsterinsights_sitenote_category":0},"product_brand":[],"product_cat":[1683],"product_tag":[1258],"brand":[{"id":1019,"name":"Lumo Stars","slug":"lumo-stars_no"}],"target-group":[],"discontinued":[],"class_list":{"0":"post-484541","1":"product","2":"type-product","3":"status-archive","5":"product_cat-veggies-and-berries-plysj-kosedyr","6":"product_tag-lumo-stars-no","7":"brand-lumo-stars_no","9":"first","10":"outofstock","11":"taxable","12":"shipping-taxable","13":"product-type-simple"},"aioseo_notices":[],"_links":{"self":[{"href":"https:\/\/games.tactic.net\/no\/wp-json\/wp\/v2\/product\/484541","targetHints":{"allow":["GET"]}}],"collection":[{"href":"https:\/\/games.tactic.net\/no\/wp-json\/wp\/v2\/product"}],"about":[{"href":"https:\/\/games.tactic.net\/no\/wp-json\/wp\/v2\/types\/product"}],"wp:attachment":[{"href":"https:\/\/games.tactic.net\/no\/wp-json\/wp\/v2\/media?parent=484541"}],"wp:term":[{"taxonomy":"product_brand","embeddable":true,"href":"https:\/\/games.tactic.net\/no\/wp-json\/wp\/v2\/product_brand?post=484541"},{"taxonomy":"product_cat","embeddable":true,"href":"https:\/\/games.tactic.net\/no\/wp-json\/wp\/v2\/product_cat?post=484541"},{"taxonomy":"product_tag","embeddable":true,"href":"https:\/\/games.tactic.net\/no\/wp-json\/wp\/v2\/product_tag?post=484541"},{"taxonomy":"brand","embeddable":true,"href":"https:\/\/games.tactic.net\/no\/wp-json\/wp\/v2\/brand?post=484541"},{"taxonomy":"target-group","embeddable":true,"href":"https:\/\/games.tactic.net\/no\/wp-json\/wp\/v2\/target-group?post=484541"},{"taxonomy":"discontinued","embeddable":true,"href":"https:\/\/games.tactic.net\/no\/wp-json\/wp\/v2\/discontinued?post=484541"}],"curies":[{"name":"wp","href":"https:\/\/api.w.org\/{rel}","templated":true}]}}