{"id":482582,"date":"2022-02-09T13:50:21","date_gmt":"2022-02-09T11:50:21","guid":{"rendered":"https:\/\/games.tactic.net\/tuote\/dosa\/"},"modified":"2022-02-09T13:50:21","modified_gmt":"2022-02-09T11:50:21","slug":"dosa","status":"archive","type":"product","link":"https:\/\/games.tactic.net\/no\/tuote\/dosa\/","title":{"rendered":"Dosa"},"content":{"rendered":"<p>Spinn eller kast Dosa og pr\u00f8v \u00e5 lande den &#8211; klask! &#8211; p\u00e5<br \/>\nm\u00e5lstavene! Dette splitter nye spillet handler like mye<br \/>\nom stil som om ferdigheter. Land Dosa riktig, og pr\u00f8v<br \/>\n\u00e5 score den h\u00f8yeste poengsummen! Perfekt for alle<br \/>\nsituasjoner og alle slags spillere.<\/p>\n<div><\/div>\n<div>\u2022 Et helt nytt, sv\u00e6rt vanedannende aktivitetsspill!<\/div>\n<div>\u2022 Kommer med store plastpucker.<\/div>\n<div>\u2022 Lett \u00e5 l\u00e6re, og flott \u00e5 spille!<\/div>\n","protected":false},"excerpt":{"rendered":"<p>Spinn eller kast Dosa og pr\u00f8v \u00e5 lande den &#8211; klask! &#8211; p\u00e5 m\u00e5lstavene! Dette splitter nye spillet handler like mye om stil som om ferdigheter. Land Dosa riktig, og pr\u00f8v \u00e5 score den h\u00f8yeste poengsummen! Perfekt for alle situasjoner og alle slags spillere.<\/p>\n","protected":false},"featured_media":0,"template":"","meta":{"content-type":"","_monsterinsights_skip_tracking":false,"_monsterinsights_sitenote_active":false,"_monsterinsights_sitenote_note":"","_monsterinsights_sitenote_category":0},"product_brand":[],"product_cat":[1662],"product_tag":[1251,1221],"brand":[],"target-group":[],"discontinued":[],"class_list":{"0":"post-482582","1":"product","2":"type-product","3":"status-archive","5":"product_cat-partyspill","6":"product_tag-ferdighet-no","7":"product_tag-funksjon-no","9":"first","10":"outofstock","11":"taxable","12":"shipping-taxable","13":"product-type-simple"},"aioseo_notices":[],"_links":{"self":[{"href":"https:\/\/games.tactic.net\/no\/wp-json\/wp\/v2\/product\/482582","targetHints":{"allow":["GET"]}}],"collection":[{"href":"https:\/\/games.tactic.net\/no\/wp-json\/wp\/v2\/product"}],"about":[{"href":"https:\/\/games.tactic.net\/no\/wp-json\/wp\/v2\/types\/product"}],"wp:attachment":[{"href":"https:\/\/games.tactic.net\/no\/wp-json\/wp\/v2\/media?parent=482582"}],"wp:term":[{"taxonomy":"product_brand","embeddable":true,"href":"https:\/\/games.tactic.net\/no\/wp-json\/wp\/v2\/product_brand?post=482582"},{"taxonomy":"product_cat","embeddable":true,"href":"https:\/\/games.tactic.net\/no\/wp-json\/wp\/v2\/product_cat?post=482582"},{"taxonomy":"product_tag","embeddable":true,"href":"https:\/\/games.tactic.net\/no\/wp-json\/wp\/v2\/product_tag?post=482582"},{"taxonomy":"brand","embeddable":true,"href":"https:\/\/games.tactic.net\/no\/wp-json\/wp\/v2\/brand?post=482582"},{"taxonomy":"target-group","embeddable":true,"href":"https:\/\/games.tactic.net\/no\/wp-json\/wp\/v2\/target-group?post=482582"},{"taxonomy":"discontinued","embeddable":true,"href":"https:\/\/games.tactic.net\/no\/wp-json\/wp\/v2\/discontinued?post=482582"}],"curies":[{"name":"wp","href":"https:\/\/api.w.org\/{rel}","templated":true}]}}