{"id":474444,"date":"2022-02-08T13:28:48","date_gmt":"2022-02-08T11:28:48","guid":{"rendered":"https:\/\/games.tactic.net\/tuote\/lumo-cow-molly-classic\/"},"modified":"2023-10-20T14:10:43","modified_gmt":"2023-10-20T11:10:43","slug":"lumo-cow-molly-classic","status":"publish","type":"product","link":"https:\/\/games.tactic.net\/no\/tuote\/lumo-cow-molly-classic\/","title":{"rendered":"Lumo Stars Cow Molly classic plush"},"content":{"rendered":"<p>Classic 15 cm. Samlebar baby dyr plysj. Glad, huggable, vennlig, snill og s\u00f8t. Vi smiler mer! S\u00f8t plysjsamling i Northern Brights er basert p\u00e5 den ekte nordiske naturen og dyrelivet. Finsk design. Kan du gi meg en oppgave \u00e5 l\u00f8se. N\u00e5r jeg l\u00f8ser ulike typer oppgaver og problemer, blir jeg begeistret og glad.<\/p>\n","protected":false},"excerpt":{"rendered":"<p>Classic 15 cm. Samlebar baby dyr plysj. Glad, huggable, vennlig, snill og s\u00f8t. Vi smiler mer! S\u00f8t plysjsamling i Northern Brights er basert p\u00e5 den ekte nordiske naturen og dyrelivet. Finsk design. Kan du gi meg en oppgave \u00e5 l\u00f8se. N\u00e5r jeg l\u00f8ser ulike typer oppgaver og problemer, blir jeg begeistret og glad.<\/p>\n","protected":false},"featured_media":0,"template":"","meta":{"content-type":"","_monsterinsights_skip_tracking":false,"_monsterinsights_sitenote_active":false,"_monsterinsights_sitenote_note":"","_monsterinsights_sitenote_category":0},"product_brand":[],"product_cat":[1679],"product_tag":[],"brand":[{"id":1019,"name":"Lumo Stars","slug":"lumo-stars_no"}],"target-group":[],"discontinued":[],"class_list":{"0":"post-474444","1":"product","2":"type-product","3":"status-publish","5":"product_cat-classic-plysj-kosedyr","6":"brand-lumo-stars_no","8":"first","9":"instock","10":"taxable","11":"shipping-taxable","12":"product-type-simple"},"aioseo_notices":[],"_links":{"self":[{"href":"https:\/\/games.tactic.net\/no\/wp-json\/wp\/v2\/product\/474444","targetHints":{"allow":["GET"]}}],"collection":[{"href":"https:\/\/games.tactic.net\/no\/wp-json\/wp\/v2\/product"}],"about":[{"href":"https:\/\/games.tactic.net\/no\/wp-json\/wp\/v2\/types\/product"}],"wp:attachment":[{"href":"https:\/\/games.tactic.net\/no\/wp-json\/wp\/v2\/media?parent=474444"}],"wp:term":[{"taxonomy":"product_brand","embeddable":true,"href":"https:\/\/games.tactic.net\/no\/wp-json\/wp\/v2\/product_brand?post=474444"},{"taxonomy":"product_cat","embeddable":true,"href":"https:\/\/games.tactic.net\/no\/wp-json\/wp\/v2\/product_cat?post=474444"},{"taxonomy":"product_tag","embeddable":true,"href":"https:\/\/games.tactic.net\/no\/wp-json\/wp\/v2\/product_tag?post=474444"},{"taxonomy":"brand","embeddable":true,"href":"https:\/\/games.tactic.net\/no\/wp-json\/wp\/v2\/brand?post=474444"},{"taxonomy":"target-group","embeddable":true,"href":"https:\/\/games.tactic.net\/no\/wp-json\/wp\/v2\/target-group?post=474444"},{"taxonomy":"discontinued","embeddable":true,"href":"https:\/\/games.tactic.net\/no\/wp-json\/wp\/v2\/discontinued?post=474444"}],"curies":[{"name":"wp","href":"https:\/\/api.w.org\/{rel}","templated":true}]}}