{"id":471449,"date":"2022-02-08T09:22:13","date_gmt":"2022-02-08T07:22:13","guid":{"rendered":"https:\/\/games.tactic.net\/tuote\/bagit\/"},"modified":"2022-02-08T09:22:13","modified_gmt":"2022-02-08T07:22:13","slug":"bagit","status":"archive","type":"product","link":"https:\/\/games.tactic.net\/no\/tuote\/bagit\/","title":{"rendered":"BAGit!"},"content":{"rendered":"<div>Del dere inn i to lag, sett opp et spillomr\u00e5de og spill! Hvert lag pr\u00f8ver \u00e5 transportere sin b\u00f8nnepose til det andre lagets m\u00e5lkurv, mens de samtidig pr\u00f8ver \u00e5 beskytte sin egen kurv!<\/div>\n<div><\/div>\n<div>\u2022 Et aktiv spill som f\u00e5r dere i bevegelse!<\/div>\n<div>\u2022 De enkle reglene garanterer at til og med de yngste spillerne koser seg stort!<\/div>\n<div>\u2022 Kommer med to store m\u00e5lkurver i stoff og to b\u00f8nneposer!<\/div>\n","protected":false},"excerpt":{"rendered":"<p>Del dere inn i to lag, sett opp et spillomr\u00e5de og spill! Hvert lag pr\u00f8ver \u00e5 transportere sin b\u00f8nnepose til det andre lagets m\u00e5lkurv, mens de samtidig pr\u00f8ver \u00e5 beskytte sin egen kurv!<\/p>\n","protected":false},"featured_media":0,"template":"","meta":{"content-type":"","_monsterinsights_skip_tracking":false,"_monsterinsights_sitenote_active":false,"_monsterinsights_sitenote_note":"","_monsterinsights_sitenote_category":0},"product_brand":[],"product_cat":[1691],"product_tag":[],"brand":[],"target-group":[],"discontinued":[],"class_list":{"0":"post-471449","1":"product","2":"type-product","3":"status-archive","5":"product_cat-andre-utespill-utespill-og-leker","7":"first","8":"outofstock","9":"taxable","10":"shipping-taxable","11":"product-type-simple"},"aioseo_notices":[],"_links":{"self":[{"href":"https:\/\/games.tactic.net\/no\/wp-json\/wp\/v2\/product\/471449","targetHints":{"allow":["GET"]}}],"collection":[{"href":"https:\/\/games.tactic.net\/no\/wp-json\/wp\/v2\/product"}],"about":[{"href":"https:\/\/games.tactic.net\/no\/wp-json\/wp\/v2\/types\/product"}],"wp:attachment":[{"href":"https:\/\/games.tactic.net\/no\/wp-json\/wp\/v2\/media?parent=471449"}],"wp:term":[{"taxonomy":"product_brand","embeddable":true,"href":"https:\/\/games.tactic.net\/no\/wp-json\/wp\/v2\/product_brand?post=471449"},{"taxonomy":"product_cat","embeddable":true,"href":"https:\/\/games.tactic.net\/no\/wp-json\/wp\/v2\/product_cat?post=471449"},{"taxonomy":"product_tag","embeddable":true,"href":"https:\/\/games.tactic.net\/no\/wp-json\/wp\/v2\/product_tag?post=471449"},{"taxonomy":"brand","embeddable":true,"href":"https:\/\/games.tactic.net\/no\/wp-json\/wp\/v2\/brand?post=471449"},{"taxonomy":"target-group","embeddable":true,"href":"https:\/\/games.tactic.net\/no\/wp-json\/wp\/v2\/target-group?post=471449"},{"taxonomy":"discontinued","embeddable":true,"href":"https:\/\/games.tactic.net\/no\/wp-json\/wp\/v2\/discontinued?post=471449"}],"curies":[{"name":"wp","href":"https:\/\/api.w.org\/{rel}","templated":true}]}}