{"id":417470,"date":"2022-02-02T08:54:44","date_gmt":"2022-02-02T06:54:44","guid":{"rendered":"https:\/\/games.tactic.net\/tuote\/molkky-mini\/"},"modified":"2024-04-12T11:11:14","modified_gmt":"2024-04-12T08:11:14","slug":"molkky-mini","status":"archive","type":"product","link":"https:\/\/games.tactic.net\/no\/tuote\/molkky-mini\/","title":{"rendered":"M\u00f6lkky Mini"},"content":{"rendered":"<p>MYE UTEND\u00d8RSMORO I EN MINDRE PAKKE! N\u00e5 kan du f\u00e5 utend\u00f8rshiten M\u00f6lkky, i en mindre og lettere pakke! Reglene er enkle &#8211; den f\u00f8rste spilleren som samler 50 poeng ved \u00e5 sl\u00e5 overende trekjegler, er vinneren! Et klassisk utend\u00f8rsspill til glede for venner og familie!<\/p>\n","protected":false},"excerpt":{"rendered":"<p>MYE UTEND\u00d8RSMORO I EN MINDRE PAKKE! N\u00e5 kan du f\u00e5 utend\u00f8rshiten M\u00f6lkky, i en mindre og lettere pakke! Reglene er enkle &#8211; den f\u00f8rste spilleren som samler 50 poeng ved \u00e5 sl\u00e5 overende trekjegler, er vinneren! Et klassisk utend\u00f8rsspill til glede for venner og familie!<\/p>\n","protected":false},"featured_media":0,"template":"","meta":{"content-type":"","_monsterinsights_skip_tracking":false,"_monsterinsights_sitenote_active":false,"_monsterinsights_sitenote_note":"","_monsterinsights_sitenote_category":0},"product_brand":[],"product_cat":[1690],"product_tag":[358,1251,974],"brand":[{"id":1345,"name":"M\u00f6lkky","slug":"molkky_no"}],"target-group":[],"discontinued":[],"class_list":{"0":"post-417470","1":"product","2":"type-product","3":"status-archive","5":"product_cat-utespill-og-leker","6":"product_tag-beregning","7":"product_tag-ferdighet-no","8":"product_tag-taktikk","9":"brand-molkky_no","11":"first","12":"outofstock","13":"taxable","14":"shipping-taxable","15":"product-type-simple"},"aioseo_notices":[],"_links":{"self":[{"href":"https:\/\/games.tactic.net\/no\/wp-json\/wp\/v2\/product\/417470","targetHints":{"allow":["GET"]}}],"collection":[{"href":"https:\/\/games.tactic.net\/no\/wp-json\/wp\/v2\/product"}],"about":[{"href":"https:\/\/games.tactic.net\/no\/wp-json\/wp\/v2\/types\/product"}],"wp:attachment":[{"href":"https:\/\/games.tactic.net\/no\/wp-json\/wp\/v2\/media?parent=417470"}],"wp:term":[{"taxonomy":"product_brand","embeddable":true,"href":"https:\/\/games.tactic.net\/no\/wp-json\/wp\/v2\/product_brand?post=417470"},{"taxonomy":"product_cat","embeddable":true,"href":"https:\/\/games.tactic.net\/no\/wp-json\/wp\/v2\/product_cat?post=417470"},{"taxonomy":"product_tag","embeddable":true,"href":"https:\/\/games.tactic.net\/no\/wp-json\/wp\/v2\/product_tag?post=417470"},{"taxonomy":"brand","embeddable":true,"href":"https:\/\/games.tactic.net\/no\/wp-json\/wp\/v2\/brand?post=417470"},{"taxonomy":"target-group","embeddable":true,"href":"https:\/\/games.tactic.net\/no\/wp-json\/wp\/v2\/target-group?post=417470"},{"taxonomy":"discontinued","embeddable":true,"href":"https:\/\/games.tactic.net\/no\/wp-json\/wp\/v2\/discontinued?post=417470"}],"curies":[{"name":"wp","href":"https:\/\/api.w.org\/{rel}","templated":true}]}}