{"id":415523,"date":"2022-02-01T13:24:50","date_gmt":"2022-02-01T11:24:50","guid":{"rendered":"https:\/\/games.tactic.net\/tuote\/lumo-football-camp-classic\/"},"modified":"2025-01-22T14:15:47","modified_gmt":"2025-01-22T12:15:47","slug":"lumo-football-camp-classic","status":"archive","type":"product","link":"https:\/\/games.tactic.net\/no\/tuote\/lumo-football-camp-classic\/","title":{"rendered":"Lumo Stars Football Camp classic plush"},"content":{"rendered":"<p>Klassisk 15 cm. Samlerbar babydyrplysj. Glad, klembar, vennlig, snill og s\u00f8t. Vi smiler mer! Cute Northern Brights plysjkolleksjon er basert p\u00e5 ekte nordisk natur og dyreliv. Ren finsk design. Camp er mitt navn og fotball er mitt spill. Jeg vedder p\u00e5 at jeg kan l\u00f8pe unna deg!<\/p>\n","protected":false},"excerpt":{"rendered":"<p>Klassisk 15 cm. Samlerbar babydyrplysj. Glad, klembar, vennlig, snill og s\u00f8t. Vi smiler mer! Cute Northern Brights plysjkolleksjon er basert p\u00e5 ekte nordisk natur og dyreliv. Ren finsk design. Camp er mitt navn og fotball er mitt spill. Jeg vedder p\u00e5 at jeg kan l\u00f8pe unna deg!<\/p>\n","protected":false},"featured_media":0,"template":"","meta":{"content-type":"","_monsterinsights_skip_tracking":false,"_monsterinsights_sitenote_active":false,"_monsterinsights_sitenote_note":"","_monsterinsights_sitenote_category":0},"product_brand":[],"product_cat":[1854],"product_tag":[],"brand":[{"id":1019,"name":"Lumo Stars","slug":"lumo-stars_no"}],"target-group":[],"discontinued":[],"class_list":{"0":"post-415523","1":"product","2":"type-product","3":"status-archive","5":"product_cat-sport-plysj-kosedyr","6":"brand-lumo-stars_no","8":"first","9":"outofstock","10":"taxable","11":"shipping-taxable","12":"product-type-simple"},"aioseo_notices":[],"_links":{"self":[{"href":"https:\/\/games.tactic.net\/no\/wp-json\/wp\/v2\/product\/415523","targetHints":{"allow":["GET"]}}],"collection":[{"href":"https:\/\/games.tactic.net\/no\/wp-json\/wp\/v2\/product"}],"about":[{"href":"https:\/\/games.tactic.net\/no\/wp-json\/wp\/v2\/types\/product"}],"wp:attachment":[{"href":"https:\/\/games.tactic.net\/no\/wp-json\/wp\/v2\/media?parent=415523"}],"wp:term":[{"taxonomy":"product_brand","embeddable":true,"href":"https:\/\/games.tactic.net\/no\/wp-json\/wp\/v2\/product_brand?post=415523"},{"taxonomy":"product_cat","embeddable":true,"href":"https:\/\/games.tactic.net\/no\/wp-json\/wp\/v2\/product_cat?post=415523"},{"taxonomy":"product_tag","embeddable":true,"href":"https:\/\/games.tactic.net\/no\/wp-json\/wp\/v2\/product_tag?post=415523"},{"taxonomy":"brand","embeddable":true,"href":"https:\/\/games.tactic.net\/no\/wp-json\/wp\/v2\/brand?post=415523"},{"taxonomy":"target-group","embeddable":true,"href":"https:\/\/games.tactic.net\/no\/wp-json\/wp\/v2\/target-group?post=415523"},{"taxonomy":"discontinued","embeddable":true,"href":"https:\/\/games.tactic.net\/no\/wp-json\/wp\/v2\/discontinued?post=415523"}],"curies":[{"name":"wp","href":"https:\/\/api.w.org\/{rel}","templated":true}]}}