{"id":414744,"date":"2022-02-01T12:54:08","date_gmt":"2022-02-01T10:54:08","guid":{"rendered":"https:\/\/games.tactic.net\/tuote\/lumo-stars-figu-wuff\/"},"modified":"2025-01-22T14:15:01","modified_gmt":"2025-01-22T12:15:01","slug":"lumo-stars-figu-wuff","status":"archive","type":"product","link":"https:\/\/games.tactic.net\/no\/tuote\/lumo-stars-figu-wuff\/","title":{"rendered":"Lumo Stars Figu Wuff"},"content":{"rendered":"<p>Lumo Stars Figu<\/p>\n<p>&laquo;Jeg har aldri sett et stjerneskudd,&raquo; sier Wuff. \u00abJeg har h\u00f8rt at n\u00e5r du ser en, kan du komme med et \u00f8nske,\u00bb fortsetter han. \u00abHvis vi sitter her en stund og ser opp mot himmelen, ser vi kanskje en\u00bb, sier Pupu til Wuff. De ser p\u00e5 det stille vinterlandskapet og himmelen som er fylt med skinnende stjerner&#8230; og det er da det skjer! &laquo;Et stjerneskudd!&raquo; roper de begge. Og s\u00e5 kommer de med et \u00f8nske.<\/p>\n","protected":false},"excerpt":{"rendered":"<p><\/p>\n","protected":false},"featured_media":0,"template":"","meta":{"content-type":"","_monsterinsights_skip_tracking":false,"_monsterinsights_sitenote_active":false,"_monsterinsights_sitenote_note":"","_monsterinsights_sitenote_category":0},"product_brand":[],"product_cat":[1825],"product_tag":[],"brand":[{"id":1019,"name":"Lumo Stars","slug":"lumo-stars_no"}],"target-group":[],"discontinued":[],"class_list":{"0":"post-414744","1":"product","2":"type-product","3":"status-archive","5":"product_cat-figurer","6":"brand-lumo-stars_no","8":"first","9":"outofstock","10":"taxable","11":"shipping-taxable","12":"product-type-simple"},"aioseo_notices":[],"_links":{"self":[{"href":"https:\/\/games.tactic.net\/no\/wp-json\/wp\/v2\/product\/414744","targetHints":{"allow":["GET"]}}],"collection":[{"href":"https:\/\/games.tactic.net\/no\/wp-json\/wp\/v2\/product"}],"about":[{"href":"https:\/\/games.tactic.net\/no\/wp-json\/wp\/v2\/types\/product"}],"wp:attachment":[{"href":"https:\/\/games.tactic.net\/no\/wp-json\/wp\/v2\/media?parent=414744"}],"wp:term":[{"taxonomy":"product_brand","embeddable":true,"href":"https:\/\/games.tactic.net\/no\/wp-json\/wp\/v2\/product_brand?post=414744"},{"taxonomy":"product_cat","embeddable":true,"href":"https:\/\/games.tactic.net\/no\/wp-json\/wp\/v2\/product_cat?post=414744"},{"taxonomy":"product_tag","embeddable":true,"href":"https:\/\/games.tactic.net\/no\/wp-json\/wp\/v2\/product_tag?post=414744"},{"taxonomy":"brand","embeddable":true,"href":"https:\/\/games.tactic.net\/no\/wp-json\/wp\/v2\/brand?post=414744"},{"taxonomy":"target-group","embeddable":true,"href":"https:\/\/games.tactic.net\/no\/wp-json\/wp\/v2\/target-group?post=414744"},{"taxonomy":"discontinued","embeddable":true,"href":"https:\/\/games.tactic.net\/no\/wp-json\/wp\/v2\/discontinued?post=414744"}],"curies":[{"name":"wp","href":"https:\/\/api.w.org\/{rel}","templated":true}]}}