{"id":414374,"date":"2022-02-01T12:46:11","date_gmt":"2022-02-01T10:46:11","guid":{"rendered":"https:\/\/games.tactic.net\/tuote\/lumo-stars-figu-reino\/"},"modified":"2025-01-22T14:15:11","modified_gmt":"2025-01-22T12:15:11","slug":"lumo-stars-figu-reino","status":"archive","type":"product","link":"https:\/\/games.tactic.net\/no\/tuote\/lumo-stars-figu-reino\/","title":{"rendered":"Lumo Stars Figu Reino"},"content":{"rendered":"<p>Lumo Stars Figu<\/p>\n<p>Reino tar en prat med Otso. Han forteller ham hvor fantastisk sommeren har v\u00e6rt n\u00e5r han l\u00f8per med venner i \u00e5sene i Lappland. Det var lett, varmt og s\u00e5 g\u00f8y! \u00abLiker du ikke vinteren\u00bb, sp\u00f8r bj\u00f8rnen Otso, som snart skal begynne vinters\u00f8vnen. &laquo;\u00c5 ja!&raquo; roper Reino. &laquo;Jeg liker dem begge. Jeg elsker \u00e5 danse med vennene mine under nordlyset, rundt leirb\u00e5let. Jeg ville ikke byttet det for noe!&raquo;<\/p>\n","protected":false},"excerpt":{"rendered":"<p><\/p>\n","protected":false},"featured_media":0,"template":"","meta":{"content-type":"","_monsterinsights_skip_tracking":false,"_monsterinsights_sitenote_active":false,"_monsterinsights_sitenote_note":"","_monsterinsights_sitenote_category":0},"product_brand":[],"product_cat":[1825],"product_tag":[],"brand":[{"id":1019,"name":"Lumo Stars","slug":"lumo-stars_no"}],"target-group":[],"discontinued":[],"class_list":{"0":"post-414374","1":"product","2":"type-product","3":"status-archive","5":"product_cat-figurer","6":"brand-lumo-stars_no","8":"first","9":"outofstock","10":"taxable","11":"shipping-taxable","12":"product-type-simple"},"aioseo_notices":[],"_links":{"self":[{"href":"https:\/\/games.tactic.net\/no\/wp-json\/wp\/v2\/product\/414374","targetHints":{"allow":["GET"]}}],"collection":[{"href":"https:\/\/games.tactic.net\/no\/wp-json\/wp\/v2\/product"}],"about":[{"href":"https:\/\/games.tactic.net\/no\/wp-json\/wp\/v2\/types\/product"}],"wp:attachment":[{"href":"https:\/\/games.tactic.net\/no\/wp-json\/wp\/v2\/media?parent=414374"}],"wp:term":[{"taxonomy":"product_brand","embeddable":true,"href":"https:\/\/games.tactic.net\/no\/wp-json\/wp\/v2\/product_brand?post=414374"},{"taxonomy":"product_cat","embeddable":true,"href":"https:\/\/games.tactic.net\/no\/wp-json\/wp\/v2\/product_cat?post=414374"},{"taxonomy":"product_tag","embeddable":true,"href":"https:\/\/games.tactic.net\/no\/wp-json\/wp\/v2\/product_tag?post=414374"},{"taxonomy":"brand","embeddable":true,"href":"https:\/\/games.tactic.net\/no\/wp-json\/wp\/v2\/brand?post=414374"},{"taxonomy":"target-group","embeddable":true,"href":"https:\/\/games.tactic.net\/no\/wp-json\/wp\/v2\/target-group?post=414374"},{"taxonomy":"discontinued","embeddable":true,"href":"https:\/\/games.tactic.net\/no\/wp-json\/wp\/v2\/discontinued?post=414374"}],"curies":[{"name":"wp","href":"https:\/\/api.w.org\/{rel}","templated":true}]}}