{"id":414288,"date":"2022-02-01T12:43:29","date_gmt":"2022-02-01T10:43:29","guid":{"rendered":"https:\/\/games.tactic.net\/tuote\/lumo-stars-figu-pollo\/"},"modified":"2025-01-22T14:14:47","modified_gmt":"2025-01-22T12:14:47","slug":"lumo-stars-figu-pollo","status":"archive","type":"product","link":"https:\/\/games.tactic.net\/no\/tuote\/lumo-stars-figu-pollo\/","title":{"rendered":"Lumo Stars Figu P\u00f6ll\u00f6"},"content":{"rendered":"<p>Lumo Stars Figu<\/p>\n<p>Vennene kjeder seg selv om b\u00e5let f\u00f8les deilig og varmt. Vasa foresl\u00e5r at de skal leke p\u00e5 skolen. Alle er enige om at P\u00f6ll\u00f6 skal spille l\u00e6reren fordi han er s\u00e5 klok og en god historieforteller. &laquo;Ok, elever! Skoledagen starter med friminutt,&raquo; sier P\u00f6ll\u00f6 og ler. Dyrene begynner en glad sn\u00f8kamp, mens nordlyset spiller sitt eget fargerike spill p\u00e5 himmelen.<\/p>\n","protected":false},"excerpt":{"rendered":"<p><\/p>\n","protected":false},"featured_media":0,"template":"","meta":{"content-type":"","_monsterinsights_skip_tracking":false,"_monsterinsights_sitenote_active":false,"_monsterinsights_sitenote_note":"","_monsterinsights_sitenote_category":0},"product_brand":[],"product_cat":[1825],"product_tag":[],"brand":[{"id":1019,"name":"Lumo Stars","slug":"lumo-stars_no"}],"target-group":[],"discontinued":[],"class_list":{"0":"post-414288","1":"product","2":"type-product","3":"status-archive","5":"product_cat-figurer","6":"brand-lumo-stars_no","8":"first","9":"outofstock","10":"taxable","11":"shipping-taxable","12":"product-type-simple"},"aioseo_notices":[],"_links":{"self":[{"href":"https:\/\/games.tactic.net\/no\/wp-json\/wp\/v2\/product\/414288","targetHints":{"allow":["GET"]}}],"collection":[{"href":"https:\/\/games.tactic.net\/no\/wp-json\/wp\/v2\/product"}],"about":[{"href":"https:\/\/games.tactic.net\/no\/wp-json\/wp\/v2\/types\/product"}],"wp:attachment":[{"href":"https:\/\/games.tactic.net\/no\/wp-json\/wp\/v2\/media?parent=414288"}],"wp:term":[{"taxonomy":"product_brand","embeddable":true,"href":"https:\/\/games.tactic.net\/no\/wp-json\/wp\/v2\/product_brand?post=414288"},{"taxonomy":"product_cat","embeddable":true,"href":"https:\/\/games.tactic.net\/no\/wp-json\/wp\/v2\/product_cat?post=414288"},{"taxonomy":"product_tag","embeddable":true,"href":"https:\/\/games.tactic.net\/no\/wp-json\/wp\/v2\/product_tag?post=414288"},{"taxonomy":"brand","embeddable":true,"href":"https:\/\/games.tactic.net\/no\/wp-json\/wp\/v2\/brand?post=414288"},{"taxonomy":"target-group","embeddable":true,"href":"https:\/\/games.tactic.net\/no\/wp-json\/wp\/v2\/target-group?post=414288"},{"taxonomy":"discontinued","embeddable":true,"href":"https:\/\/games.tactic.net\/no\/wp-json\/wp\/v2\/discontinued?post=414288"}],"curies":[{"name":"wp","href":"https:\/\/api.w.org\/{rel}","templated":true}]}}