{"id":414060,"date":"2022-02-01T12:38:27","date_gmt":"2022-02-01T10:38:27","guid":{"rendered":"https:\/\/games.tactic.net\/tuote\/lumo-stars-figu-luna\/"},"modified":"2025-01-22T14:14:32","modified_gmt":"2025-01-22T12:14:32","slug":"lumo-stars-figu-luna","status":"archive","type":"product","link":"https:\/\/games.tactic.net\/no\/tuote\/lumo-stars-figu-luna\/","title":{"rendered":"Lumo Stars Figu Luna"},"content":{"rendered":"<p>Lumo Stars Figu<\/p>\n<p>N\u00e5r de kalde vindene begynner \u00e5 bl\u00e5se i Lappland, er det p\u00e5 tide for meg \u00e5 fly avg\u00e5rde. Jeg har ikke noe imot at det blir litt kaldt, men helt i nord er det vanskelig for meg \u00e5 holde meg varm . Reisen s\u00f8rover er lang, og om vinteren savner jeg nordlyset. Men&#8230; jeg er glad for at jeg ogs\u00e5 om sommeren kan nyte noe som er kaldt, og da mener jeg is!<\/p>\n<p><a><\/a><\/p>\n","protected":false},"excerpt":{"rendered":"<p><\/p>\n","protected":false},"featured_media":0,"template":"","meta":{"content-type":"","_monsterinsights_skip_tracking":false,"_monsterinsights_sitenote_active":false,"_monsterinsights_sitenote_note":"","_monsterinsights_sitenote_category":0},"product_brand":[],"product_cat":[1825],"product_tag":[],"brand":[{"id":1019,"name":"Lumo Stars","slug":"lumo-stars_no"}],"target-group":[],"discontinued":[],"class_list":{"0":"post-414060","1":"product","2":"type-product","3":"status-archive","5":"product_cat-figurer","6":"brand-lumo-stars_no","8":"first","9":"outofstock","10":"taxable","11":"shipping-taxable","12":"product-type-simple"},"aioseo_notices":[],"_links":{"self":[{"href":"https:\/\/games.tactic.net\/no\/wp-json\/wp\/v2\/product\/414060","targetHints":{"allow":["GET"]}}],"collection":[{"href":"https:\/\/games.tactic.net\/no\/wp-json\/wp\/v2\/product"}],"about":[{"href":"https:\/\/games.tactic.net\/no\/wp-json\/wp\/v2\/types\/product"}],"wp:attachment":[{"href":"https:\/\/games.tactic.net\/no\/wp-json\/wp\/v2\/media?parent=414060"}],"wp:term":[{"taxonomy":"product_brand","embeddable":true,"href":"https:\/\/games.tactic.net\/no\/wp-json\/wp\/v2\/product_brand?post=414060"},{"taxonomy":"product_cat","embeddable":true,"href":"https:\/\/games.tactic.net\/no\/wp-json\/wp\/v2\/product_cat?post=414060"},{"taxonomy":"product_tag","embeddable":true,"href":"https:\/\/games.tactic.net\/no\/wp-json\/wp\/v2\/product_tag?post=414060"},{"taxonomy":"brand","embeddable":true,"href":"https:\/\/games.tactic.net\/no\/wp-json\/wp\/v2\/brand?post=414060"},{"taxonomy":"target-group","embeddable":true,"href":"https:\/\/games.tactic.net\/no\/wp-json\/wp\/v2\/target-group?post=414060"},{"taxonomy":"discontinued","embeddable":true,"href":"https:\/\/games.tactic.net\/no\/wp-json\/wp\/v2\/discontinued?post=414060"}],"curies":[{"name":"wp","href":"https:\/\/api.w.org\/{rel}","templated":true}]}}