{"id":413719,"date":"2022-02-01T12:31:31","date_gmt":"2022-02-01T10:31:31","guid":{"rendered":"https:\/\/games.tactic.net\/tuote\/lumo-stars-figu-smultron\/"},"modified":"2025-01-22T14:14:54","modified_gmt":"2025-01-22T12:14:54","slug":"lumo-stars-figu-smultron","status":"archive","type":"product","link":"https:\/\/games.tactic.net\/no\/tuote\/lumo-stars-figu-smultron\/","title":{"rendered":"Lumo Stars Figu Smultron"},"content":{"rendered":"<p>Lumo Stars Figu<\/p>\n<p>&laquo;Jeg bare elsker jordb\u00e6r,&raquo; sier Smultron til venninnen. &laquo;Jeg bare elsker bl\u00e5b\u00e6r,&raquo; sier venninnen. Smultron sier: &laquo;Jeg har en rosa pels og du har en brun pels. \u00d8ynene v\u00e5re har ogs\u00e5 forskjellige farger.&raquo; Smultrons venn tenker. &laquo;Ja det er de, men selv om vi ser forskjellige ut, er vi fortsatt b\u00e5de pinnsvin og bestevenner som alltid har det g\u00f8y sammen! Akkurat som nordlyset blander vi alle forskjellige slags farger vakkert!&raquo;<\/p>\n","protected":false},"excerpt":{"rendered":"<p><\/p>\n","protected":false},"featured_media":0,"template":"","meta":{"content-type":"","_monsterinsights_skip_tracking":false,"_monsterinsights_sitenote_active":false,"_monsterinsights_sitenote_note":"","_monsterinsights_sitenote_category":0},"product_brand":[],"product_cat":[1825],"product_tag":[],"brand":[{"id":1019,"name":"Lumo Stars","slug":"lumo-stars_no"}],"target-group":[],"discontinued":[],"class_list":{"0":"post-413719","1":"product","2":"type-product","3":"status-archive","5":"product_cat-figurer","6":"brand-lumo-stars_no","8":"first","9":"outofstock","10":"taxable","11":"shipping-taxable","12":"product-type-simple"},"aioseo_notices":[],"_links":{"self":[{"href":"https:\/\/games.tactic.net\/no\/wp-json\/wp\/v2\/product\/413719","targetHints":{"allow":["GET"]}}],"collection":[{"href":"https:\/\/games.tactic.net\/no\/wp-json\/wp\/v2\/product"}],"about":[{"href":"https:\/\/games.tactic.net\/no\/wp-json\/wp\/v2\/types\/product"}],"wp:attachment":[{"href":"https:\/\/games.tactic.net\/no\/wp-json\/wp\/v2\/media?parent=413719"}],"wp:term":[{"taxonomy":"product_brand","embeddable":true,"href":"https:\/\/games.tactic.net\/no\/wp-json\/wp\/v2\/product_brand?post=413719"},{"taxonomy":"product_cat","embeddable":true,"href":"https:\/\/games.tactic.net\/no\/wp-json\/wp\/v2\/product_cat?post=413719"},{"taxonomy":"product_tag","embeddable":true,"href":"https:\/\/games.tactic.net\/no\/wp-json\/wp\/v2\/product_tag?post=413719"},{"taxonomy":"brand","embeddable":true,"href":"https:\/\/games.tactic.net\/no\/wp-json\/wp\/v2\/brand?post=413719"},{"taxonomy":"target-group","embeddable":true,"href":"https:\/\/games.tactic.net\/no\/wp-json\/wp\/v2\/target-group?post=413719"},{"taxonomy":"discontinued","embeddable":true,"href":"https:\/\/games.tactic.net\/no\/wp-json\/wp\/v2\/discontinued?post=413719"}],"curies":[{"name":"wp","href":"https:\/\/api.w.org\/{rel}","templated":true}]}}