{"id":413605,"date":"2022-02-01T12:28:23","date_gmt":"2022-02-01T10:28:23","guid":{"rendered":"https:\/\/games.tactic.net\/tuote\/lumo-stars-figu-pupu\/"},"modified":"2025-01-22T14:14:11","modified_gmt":"2025-01-22T12:14:11","slug":"lumo-stars-figu-pupu","status":"archive","type":"product","link":"https:\/\/games.tactic.net\/no\/tuote\/lumo-stars-figu-pupu\/","title":{"rendered":"Lumo Stars Figu Pupu"},"content":{"rendered":"<p>Lumo Stars Figu<\/p>\n<p>Hvem har laget sporene i sn\u00f8en? Vent&#8230; Det er Pupu, en liten kanin som hopper i sn\u00f8en. Pupu f\u00f8ler seg litt ensom og \u00f8nsker \u00e5 finne noen venner. \u00abHei, hvor er dere alle sammen\u00bb, roper Pupu. Plutselig kan Pupu se et b\u00e5l og dyr som blir varme rundt det. \u00abDer er dere,\u00bb sier Pupu lettet og setter seg ved siden av dem. B\u00e5let f\u00f8les varmt og avslappende og Lumo Stars-dyrene lytter mens uglen P\u00f6ll\u00f6 forteller dem en godnatthistorie.<\/p>\n","protected":false},"excerpt":{"rendered":"<p><\/p>\n","protected":false},"featured_media":0,"template":"","meta":{"content-type":"","_monsterinsights_skip_tracking":false,"_monsterinsights_sitenote_active":false,"_monsterinsights_sitenote_note":"","_monsterinsights_sitenote_category":0},"product_brand":[],"product_cat":[1825],"product_tag":[],"brand":[{"id":1019,"name":"Lumo Stars","slug":"lumo-stars_no"}],"target-group":[],"discontinued":[],"class_list":{"0":"post-413605","1":"product","2":"type-product","3":"status-archive","5":"product_cat-figurer","6":"brand-lumo-stars_no","8":"first","9":"outofstock","10":"taxable","11":"shipping-taxable","12":"product-type-simple"},"aioseo_notices":[],"_links":{"self":[{"href":"https:\/\/games.tactic.net\/no\/wp-json\/wp\/v2\/product\/413605","targetHints":{"allow":["GET"]}}],"collection":[{"href":"https:\/\/games.tactic.net\/no\/wp-json\/wp\/v2\/product"}],"about":[{"href":"https:\/\/games.tactic.net\/no\/wp-json\/wp\/v2\/types\/product"}],"wp:attachment":[{"href":"https:\/\/games.tactic.net\/no\/wp-json\/wp\/v2\/media?parent=413605"}],"wp:term":[{"taxonomy":"product_brand","embeddable":true,"href":"https:\/\/games.tactic.net\/no\/wp-json\/wp\/v2\/product_brand?post=413605"},{"taxonomy":"product_cat","embeddable":true,"href":"https:\/\/games.tactic.net\/no\/wp-json\/wp\/v2\/product_cat?post=413605"},{"taxonomy":"product_tag","embeddable":true,"href":"https:\/\/games.tactic.net\/no\/wp-json\/wp\/v2\/product_tag?post=413605"},{"taxonomy":"brand","embeddable":true,"href":"https:\/\/games.tactic.net\/no\/wp-json\/wp\/v2\/brand?post=413605"},{"taxonomy":"target-group","embeddable":true,"href":"https:\/\/games.tactic.net\/no\/wp-json\/wp\/v2\/target-group?post=413605"},{"taxonomy":"discontinued","embeddable":true,"href":"https:\/\/games.tactic.net\/no\/wp-json\/wp\/v2\/discontinued?post=413605"}],"curies":[{"name":"wp","href":"https:\/\/api.w.org\/{rel}","templated":true}]}}