{"id":411045,"date":"2022-01-31T14:08:53","date_gmt":"2022-01-31T12:08:53","guid":{"rendered":"https:\/\/games.tactic.net\/tuote\/lumo-stars-figu-vasa\/"},"modified":"2025-01-22T14:14:40","modified_gmt":"2025-01-22T12:14:40","slug":"lumo-stars-figu-vasa","status":"archive","type":"product","link":"https:\/\/games.tactic.net\/no\/tuote\/lumo-stars-figu-vasa\/","title":{"rendered":"Lumo Stars Figu Vasa"},"content":{"rendered":"<p>Lumo Stars Figu Vasa<\/p>\n<\/p>\n<p>Vasa is scared. He&#8217;s looking this way and that, and can&#8217;t see anyone. He doesn&#8217;t like to be out when it&#8217;s dark, and now he&#8217;s walking last in the group. Pupu, Otso and Hukka walk in front of him. The wise P\u00f6ll\u00f6 knows Vasa and flies above him shouting &laquo;You don&#8217;t have to be afraid of the dark! I can fly here above you if it makes you feel safer!&raquo; Vasa looks at P\u00f6ll\u00f6 with gratitude and doesn&#8217;t feel scared anymore. He thanks P\u00f6ll\u00f6 for being such a good friend.<\/p>\n<p><\/p>\n","protected":false},"excerpt":{"rendered":"<p><\/p>\n","protected":false},"featured_media":0,"template":"","meta":{"content-type":"","_monsterinsights_skip_tracking":false,"_monsterinsights_sitenote_active":false,"_monsterinsights_sitenote_note":"","_monsterinsights_sitenote_category":0},"product_brand":[],"product_cat":[1825],"product_tag":[],"brand":[{"id":1019,"name":"Lumo Stars","slug":"lumo-stars_no"}],"target-group":[],"discontinued":[],"class_list":{"0":"post-411045","1":"product","2":"type-product","3":"status-archive","5":"product_cat-figurer","6":"brand-lumo-stars_no","8":"first","9":"outofstock","10":"taxable","11":"shipping-taxable","12":"product-type-simple"},"aioseo_notices":[],"_links":{"self":[{"href":"https:\/\/games.tactic.net\/no\/wp-json\/wp\/v2\/product\/411045","targetHints":{"allow":["GET"]}}],"collection":[{"href":"https:\/\/games.tactic.net\/no\/wp-json\/wp\/v2\/product"}],"about":[{"href":"https:\/\/games.tactic.net\/no\/wp-json\/wp\/v2\/types\/product"}],"wp:attachment":[{"href":"https:\/\/games.tactic.net\/no\/wp-json\/wp\/v2\/media?parent=411045"}],"wp:term":[{"taxonomy":"product_brand","embeddable":true,"href":"https:\/\/games.tactic.net\/no\/wp-json\/wp\/v2\/product_brand?post=411045"},{"taxonomy":"product_cat","embeddable":true,"href":"https:\/\/games.tactic.net\/no\/wp-json\/wp\/v2\/product_cat?post=411045"},{"taxonomy":"product_tag","embeddable":true,"href":"https:\/\/games.tactic.net\/no\/wp-json\/wp\/v2\/product_tag?post=411045"},{"taxonomy":"brand","embeddable":true,"href":"https:\/\/games.tactic.net\/no\/wp-json\/wp\/v2\/brand?post=411045"},{"taxonomy":"target-group","embeddable":true,"href":"https:\/\/games.tactic.net\/no\/wp-json\/wp\/v2\/target-group?post=411045"},{"taxonomy":"discontinued","embeddable":true,"href":"https:\/\/games.tactic.net\/no\/wp-json\/wp\/v2\/discontinued?post=411045"}],"curies":[{"name":"wp","href":"https:\/\/api.w.org\/{rel}","templated":true}]}}