{"id":357637,"date":"2022-01-24T16:03:39","date_gmt":"2022-01-24T14:03:39","guid":{"rendered":"https:\/\/games.tactic.net\/tuote\/case-ih-optum-300-cvx-with-frontloader\/"},"modified":"2023-10-20T15:32:32","modified_gmt":"2023-10-20T12:32:32","slug":"case-ih-optum-300-cvx-with-frontloader","status":"publish","type":"product","link":"https:\/\/games.tactic.net\/no\/tuote\/case-ih-optum-300-cvx-with-frontloader\/","title":{"rendered":"Case IH Optum 300CVX med frontlaster, balletransporthenger og 8 rundballer"},"content":{"rendered":"<p>H\u00f8sten er tiden da b\u00f8ndene trenger \u00e5 samle alle de silo- og halmballene som er spredt rundt i landskapet og bringe dem tilbake til stallen eller l\u00e5ven. BRUDER tilbyr en ny, fascinerende kj\u00f8ret\u00f8ykombinasjon for denne aktiviteten. Optum-serien tilbyr kraftige, kompakte og ekstremt smidige traktorer med enest\u00e5ende ytelsesvekt. Disse modellene mestrer enhver utfordring med maksimal ytelse, effektivitet og p\u00e5litelighet, og imponerer med sitt nye design. N\u00e5r det gjelder design, funksjonalitet og kvalitet, eier den nye BRUDER-modellen i skala 1:16 det hele, i tr\u00e5d med selskapets motto &laquo;like the real thing&raquo;. F\u00f8rerhuset er helglass og har d\u00f8rer som er enkle \u00e5 \u00e5pne. Panseret kan \u00e5pnes for \u00e5 gi  tilgang til den imponerende motoren. Utmerkede kj\u00f8reegenskaper og kj\u00f8rekomfort er garantert takket v\u00e6re den installerte oscillerende akselen samt rattforlengelsen som er satt inn gjennom taket. En fullt funksjonell frontlaster er montert p\u00e5 denne modellen for \u00e5 \u00f8ke moroa. Den h\u00f8ydejusterbare bakkoblingen er kompatibel med alle tilhengere i Professional-serien. De nye, avtakbare hjulene \u00f8ker moroa. Alle BRUDER landbrukshengere og utstyr er kompatible med denne traktoren. BRUDER balletransporthenger kjennetegnes av foldekantskinner og inkluderer 8 rundballer. Dermed er denne tilhengeren den perfekte partneren for balletransport. Bondefigursettet er et optimalt tillegg fra det omfattende bworld-utvalget for \u00e5 forbedre det allerede store potensialet for kvalitetsleketid.<\/p>\n","protected":false},"excerpt":{"rendered":"<p>Bruder<\/p>\n","protected":false},"featured_media":0,"template":"","meta":{"content-type":"","_monsterinsights_skip_tracking":false,"_monsterinsights_sitenote_active":false,"_monsterinsights_sitenote_note":"","_monsterinsights_sitenote_category":0},"product_brand":[],"product_cat":[1705],"product_tag":[],"brand":[],"target-group":[],"discontinued":[],"class_list":{"0":"post-357637","1":"product","2":"type-product","3":"status-publish","5":"product_cat-bruder-leker","7":"first","8":"instock","9":"taxable","10":"shipping-taxable","11":"product-type-simple"},"aioseo_notices":[],"_links":{"self":[{"href":"https:\/\/games.tactic.net\/no\/wp-json\/wp\/v2\/product\/357637","targetHints":{"allow":["GET"]}}],"collection":[{"href":"https:\/\/games.tactic.net\/no\/wp-json\/wp\/v2\/product"}],"about":[{"href":"https:\/\/games.tactic.net\/no\/wp-json\/wp\/v2\/types\/product"}],"wp:attachment":[{"href":"https:\/\/games.tactic.net\/no\/wp-json\/wp\/v2\/media?parent=357637"}],"wp:term":[{"taxonomy":"product_brand","embeddable":true,"href":"https:\/\/games.tactic.net\/no\/wp-json\/wp\/v2\/product_brand?post=357637"},{"taxonomy":"product_cat","embeddable":true,"href":"https:\/\/games.tactic.net\/no\/wp-json\/wp\/v2\/product_cat?post=357637"},{"taxonomy":"product_tag","embeddable":true,"href":"https:\/\/games.tactic.net\/no\/wp-json\/wp\/v2\/product_tag?post=357637"},{"taxonomy":"brand","embeddable":true,"href":"https:\/\/games.tactic.net\/no\/wp-json\/wp\/v2\/brand?post=357637"},{"taxonomy":"target-group","embeddable":true,"href":"https:\/\/games.tactic.net\/no\/wp-json\/wp\/v2\/target-group?post=357637"},{"taxonomy":"discontinued","embeddable":true,"href":"https:\/\/games.tactic.net\/no\/wp-json\/wp\/v2\/discontinued?post=357637"}],"curies":[{"name":"wp","href":"https:\/\/api.w.org\/{rel}","templated":true}]}}