{"id":357465,"date":"2022-01-24T16:02:43","date_gmt":"2022-01-24T14:02:43","guid":{"rendered":"https:\/\/games.tactic.net\/tuote\/case-ih-optum-300-cvx\/"},"modified":"2023-10-20T15:32:59","modified_gmt":"2023-10-20T12:32:59","slug":"case-ih-optum-300-cvx","status":"publish","type":"product","link":"https:\/\/games.tactic.net\/no\/tuote\/case-ih-optum-300-cvx\/","title":{"rendered":"Case IH Optum 300 CVX toy"},"content":{"rendered":"<p>Optum-serien tilbyr kraftige, kompakte og ekstremt smidige traktorer med enest\u00e5ende ytelsesvekt. Disse modellene mestrer enhver utfordring med maksimal ytelse, effektivitet og p\u00e5litelighet, og imponerer med sitt nye design. N\u00e5r det gjelder design, funksjonalitet og kvalitet, eier den nye BRUDER-modellen i skala 1:16 det hele, i tr\u00e5d med selskapets motto &laquo;like the real thing&raquo;. F\u00f8rerhuset er helglass og har d\u00f8rer som er enkle \u00e5 \u00e5pne. Panseret kan \u00e5pnes for \u00e5 gi tilgang til den imponerende motoren. Utmerkede kj\u00f8reegenskaper og kj\u00f8rekomfort er garantert takket v\u00e6re den installerte oscillerende akselen samt rattforlengelsen som er satt inn gjennom taket. Forbedre modellen ved \u00e5 feste en slip-on frontlaster. Den h\u00f8ydejusterbare bakkoblingen er kompatibel med alle Pro Series tilhengere. De nye, avtakbare hjulene \u00f8ker moroa. Alle BRUDER landbrukshengere og utstyr er kompatible med denne traktoren. Denne modellen er ogs\u00e5 kompatibel med den valgfrie lys- og lydmodulen for \u00e5 legge til moroa.<\/p>\n","protected":false},"excerpt":{"rendered":"<p>Bruder<\/p>\n","protected":false},"featured_media":0,"template":"","meta":{"content-type":"","_monsterinsights_skip_tracking":false,"_monsterinsights_sitenote_active":false,"_monsterinsights_sitenote_note":"","_monsterinsights_sitenote_category":0},"product_brand":[],"product_cat":[1705],"product_tag":[],"brand":[],"target-group":[],"discontinued":[],"class_list":{"0":"post-357465","1":"product","2":"type-product","3":"status-publish","5":"product_cat-bruder-leker","7":"first","8":"instock","9":"taxable","10":"shipping-taxable","11":"product-type-simple"},"aioseo_notices":[],"_links":{"self":[{"href":"https:\/\/games.tactic.net\/no\/wp-json\/wp\/v2\/product\/357465","targetHints":{"allow":["GET"]}}],"collection":[{"href":"https:\/\/games.tactic.net\/no\/wp-json\/wp\/v2\/product"}],"about":[{"href":"https:\/\/games.tactic.net\/no\/wp-json\/wp\/v2\/types\/product"}],"wp:attachment":[{"href":"https:\/\/games.tactic.net\/no\/wp-json\/wp\/v2\/media?parent=357465"}],"wp:term":[{"taxonomy":"product_brand","embeddable":true,"href":"https:\/\/games.tactic.net\/no\/wp-json\/wp\/v2\/product_brand?post=357465"},{"taxonomy":"product_cat","embeddable":true,"href":"https:\/\/games.tactic.net\/no\/wp-json\/wp\/v2\/product_cat?post=357465"},{"taxonomy":"product_tag","embeddable":true,"href":"https:\/\/games.tactic.net\/no\/wp-json\/wp\/v2\/product_tag?post=357465"},{"taxonomy":"brand","embeddable":true,"href":"https:\/\/games.tactic.net\/no\/wp-json\/wp\/v2\/brand?post=357465"},{"taxonomy":"target-group","embeddable":true,"href":"https:\/\/games.tactic.net\/no\/wp-json\/wp\/v2\/target-group?post=357465"},{"taxonomy":"discontinued","embeddable":true,"href":"https:\/\/games.tactic.net\/no\/wp-json\/wp\/v2\/discontinued?post=357465"}],"curies":[{"name":"wp","href":"https:\/\/api.w.org\/{rel}","templated":true}]}}