{"id":357365,"date":"2022-01-24T16:02:14","date_gmt":"2022-01-24T14:02:14","guid":{"rendered":"https:\/\/games.tactic.net\/tuote\/schaffer-compact-loader-2034\/"},"modified":"2023-10-20T17:01:46","modified_gmt":"2023-10-20T14:01:46","slug":"schaffer-compact-loader-2034","status":"publish","type":"product","link":"https:\/\/games.tactic.net\/no\/tuote\/schaffer-compact-loader-2034\/","title":{"rendered":"Sch\u00e4ffer kompaktlaster 2630"},"content":{"rendered":"<p>I over 50 \u00e5r har Sch\u00e4ffer utviklet leddstyrte veilastere for landbruks-, landskaps- og hagebruksform\u00e5l. Den kompakte serien 2000 er en av Sch\u00e4ffers mest suksessrike modellserier gjennom tidene. Maksimal ytelse i trange rom er denne lasterens styrke. Dette sentrale og allsidige kj\u00f8ret\u00f8yet som muliggj\u00f8r suksess i landbruket er n\u00e5 lagt til BRUDER-samlingen i en skala p\u00e5 1:16. Kj\u00f8ret\u00f8yet har operativ leddstyring og lastearmen samt skuffen betjenes ogs\u00e5 akkurat som i originalen. Solide krengeb\u00f8yler beskytter bworld-figuren som passer komfortabelt inn i f\u00f8rersetet. Tilbeh\u00f8r sett nr. 02318 (ikke inkludert) kan festes til lasteren for \u00e5 gj\u00f8re ting mer spennende.<\/p>\n","protected":false},"excerpt":{"rendered":"<p><\/p>\n","protected":false},"featured_media":0,"template":"","meta":{"content-type":"","_monsterinsights_skip_tracking":false,"_monsterinsights_sitenote_active":false,"_monsterinsights_sitenote_note":"","_monsterinsights_sitenote_category":0},"product_brand":[],"product_cat":[1705],"product_tag":[],"brand":[],"target-group":[],"discontinued":[],"class_list":{"0":"post-357365","1":"product","2":"type-product","3":"status-publish","5":"product_cat-bruder-leker","7":"first","8":"instock","9":"taxable","10":"shipping-taxable","11":"product-type-simple"},"aioseo_notices":[],"_links":{"self":[{"href":"https:\/\/games.tactic.net\/no\/wp-json\/wp\/v2\/product\/357365","targetHints":{"allow":["GET"]}}],"collection":[{"href":"https:\/\/games.tactic.net\/no\/wp-json\/wp\/v2\/product"}],"about":[{"href":"https:\/\/games.tactic.net\/no\/wp-json\/wp\/v2\/types\/product"}],"wp:attachment":[{"href":"https:\/\/games.tactic.net\/no\/wp-json\/wp\/v2\/media?parent=357365"}],"wp:term":[{"taxonomy":"product_brand","embeddable":true,"href":"https:\/\/games.tactic.net\/no\/wp-json\/wp\/v2\/product_brand?post=357365"},{"taxonomy":"product_cat","embeddable":true,"href":"https:\/\/games.tactic.net\/no\/wp-json\/wp\/v2\/product_cat?post=357365"},{"taxonomy":"product_tag","embeddable":true,"href":"https:\/\/games.tactic.net\/no\/wp-json\/wp\/v2\/product_tag?post=357365"},{"taxonomy":"brand","embeddable":true,"href":"https:\/\/games.tactic.net\/no\/wp-json\/wp\/v2\/brand?post=357365"},{"taxonomy":"target-group","embeddable":true,"href":"https:\/\/games.tactic.net\/no\/wp-json\/wp\/v2\/target-group?post=357365"},{"taxonomy":"discontinued","embeddable":true,"href":"https:\/\/games.tactic.net\/no\/wp-json\/wp\/v2\/discontinued?post=357365"}],"curies":[{"name":"wp","href":"https:\/\/api.w.org\/{rel}","templated":true}]}}