{"id":357308,"date":"2022-01-24T16:02:00","date_gmt":"2022-01-24T14:02:00","guid":{"rendered":"https:\/\/games.tactic.net\/tuote\/figure-set-garage-equipment\/"},"modified":"2023-10-11T09:46:38","modified_gmt":"2023-10-11T06:46:38","slug":"figure-set-garage-equipment","status":"publish","type":"product","link":"https:\/\/games.tactic.net\/no\/tuote\/figure-set-garage-equipment\/","title":{"rendered":"bworld Garasjeutstyr"},"content":{"rendered":"<p>Det er mange, veldig detaljerte lastebiler, traktorer, anleggsutstyr og mer innenfor det omfattende BRUDER-utvalget. De er ideelt forsterket av leket\u00f8ysfigurer for \u00e5 legge til morsomme og realistiske funksjoner til hele lekemilj\u00f8et og fremme barnas rolleleksevner s\u00e5 vel som kreativitet. Mekanikeren hjelper til n\u00e5r du har behov for reparasjoner. Han er perfekt utstyrt for disse anledningene da han alltid har med seg jekken, sikkerhetsstativene og verkt\u00f8yene. Som et resultat kan enhver funksjonsfeil raskt repareres for \u00e5 bringe kj\u00f8ret\u00f8yet tilbake p\u00e5 veien p\u00e5 kort tid.<\/p>\n","protected":false},"excerpt":{"rendered":"<p>Bruder<\/p>\n","protected":false},"featured_media":0,"template":"","meta":{"content-type":"","_monsterinsights_skip_tracking":false,"_monsterinsights_sitenote_active":false,"_monsterinsights_sitenote_note":"","_monsterinsights_sitenote_category":0},"product_brand":[],"product_cat":[1705],"product_tag":[],"brand":[],"target-group":[],"discontinued":[],"class_list":{"0":"post-357308","1":"product","2":"type-product","3":"status-publish","5":"product_cat-bruder-leker","7":"first","8":"instock","9":"taxable","10":"shipping-taxable","11":"product-type-simple"},"aioseo_notices":[],"_links":{"self":[{"href":"https:\/\/games.tactic.net\/no\/wp-json\/wp\/v2\/product\/357308","targetHints":{"allow":["GET"]}}],"collection":[{"href":"https:\/\/games.tactic.net\/no\/wp-json\/wp\/v2\/product"}],"about":[{"href":"https:\/\/games.tactic.net\/no\/wp-json\/wp\/v2\/types\/product"}],"wp:attachment":[{"href":"https:\/\/games.tactic.net\/no\/wp-json\/wp\/v2\/media?parent=357308"}],"wp:term":[{"taxonomy":"product_brand","embeddable":true,"href":"https:\/\/games.tactic.net\/no\/wp-json\/wp\/v2\/product_brand?post=357308"},{"taxonomy":"product_cat","embeddable":true,"href":"https:\/\/games.tactic.net\/no\/wp-json\/wp\/v2\/product_cat?post=357308"},{"taxonomy":"product_tag","embeddable":true,"href":"https:\/\/games.tactic.net\/no\/wp-json\/wp\/v2\/product_tag?post=357308"},{"taxonomy":"brand","embeddable":true,"href":"https:\/\/games.tactic.net\/no\/wp-json\/wp\/v2\/brand?post=357308"},{"taxonomy":"target-group","embeddable":true,"href":"https:\/\/games.tactic.net\/no\/wp-json\/wp\/v2\/target-group?post=357308"},{"taxonomy":"discontinued","embeddable":true,"href":"https:\/\/games.tactic.net\/no\/wp-json\/wp\/v2\/discontinued?post=357308"}],"curies":[{"name":"wp","href":"https:\/\/api.w.org\/{rel}","templated":true}]}}