{"id":357263,"date":"2022-01-24T16:01:34","date_gmt":"2022-01-24T14:01:34","guid":{"rendered":"https:\/\/games.tactic.net\/tuote\/fendt-1050-vario\/"},"modified":"2023-10-20T15:46:56","modified_gmt":"2023-10-20T12:46:56","slug":"fendt-1050-vario","status":"publish","type":"product","link":"https:\/\/games.tactic.net\/no\/tuote\/fendt-1050-vario\/","title":{"rendered":"Bruder Fendt 1050 Vario traktor lekesett"},"content":{"rendered":"<p>Fendt 1050 Vario er toppmodellen i Fendts serie. BRUDERs modell i 4000-serien setter en ny standard med r\u00e5 design, kraft og spillbarhet. Den har styrbar foraksel, h\u00f8ydejusterbart feste og nyutviklet frontfeste for utstyr. Nyheten er ogs\u00e5 aksler med avtakbare hjul. T\u00f8ff og robust \u2013 akkurat som originalen.<\/p>\n","protected":false},"excerpt":{"rendered":"<p>Fendt 1050 Vario \u2013 toppmodell fra Fendt. BRUDER-versjonen byr p\u00e5 h\u00f8y detaljrikdom, slitestyrke og kvalitet. Enkel \u00e5 bruke, med robuste funksjoner for lek.<\/p>\n","protected":false},"featured_media":0,"template":"","meta":{"content-type":"","_monsterinsights_skip_tracking":false,"_monsterinsights_sitenote_active":false,"_monsterinsights_sitenote_note":"","_monsterinsights_sitenote_category":0},"product_brand":[],"product_cat":[1705],"product_tag":[],"brand":[],"target-group":[],"discontinued":[],"class_list":{"0":"post-357263","1":"product","2":"type-product","3":"status-publish","5":"product_cat-bruder-leker","7":"first","8":"instock","9":"taxable","10":"shipping-taxable","11":"product-type-simple"},"aioseo_notices":[],"_links":{"self":[{"href":"https:\/\/games.tactic.net\/no\/wp-json\/wp\/v2\/product\/357263","targetHints":{"allow":["GET"]}}],"collection":[{"href":"https:\/\/games.tactic.net\/no\/wp-json\/wp\/v2\/product"}],"about":[{"href":"https:\/\/games.tactic.net\/no\/wp-json\/wp\/v2\/types\/product"}],"wp:attachment":[{"href":"https:\/\/games.tactic.net\/no\/wp-json\/wp\/v2\/media?parent=357263"}],"wp:term":[{"taxonomy":"product_brand","embeddable":true,"href":"https:\/\/games.tactic.net\/no\/wp-json\/wp\/v2\/product_brand?post=357263"},{"taxonomy":"product_cat","embeddable":true,"href":"https:\/\/games.tactic.net\/no\/wp-json\/wp\/v2\/product_cat?post=357263"},{"taxonomy":"product_tag","embeddable":true,"href":"https:\/\/games.tactic.net\/no\/wp-json\/wp\/v2\/product_tag?post=357263"},{"taxonomy":"brand","embeddable":true,"href":"https:\/\/games.tactic.net\/no\/wp-json\/wp\/v2\/brand?post=357263"},{"taxonomy":"target-group","embeddable":true,"href":"https:\/\/games.tactic.net\/no\/wp-json\/wp\/v2\/target-group?post=357263"},{"taxonomy":"discontinued","embeddable":true,"href":"https:\/\/games.tactic.net\/no\/wp-json\/wp\/v2\/discontinued?post=357263"}],"curies":[{"name":"wp","href":"https:\/\/api.w.org\/{rel}","templated":true}]}}