{"id":357234,"date":"2022-01-24T16:01:25","date_gmt":"2022-01-24T14:01:25","guid":{"rendered":"https:\/\/games.tactic.net\/tuote\/claas-axion-950-with-snow-chains-and-snowblower\/"},"modified":"2025-06-26T16:30:51","modified_gmt":"2025-06-26T13:30:51","slug":"claas-axion-950-with-snow-chains-and-snowblower","status":"archive","type":"product","link":"https:\/\/games.tactic.net\/no\/tuote\/claas-axion-950-with-snow-chains-and-snowblower\/","title":{"rendered":"Claas Axion 950 med sn\u00f8kjettinger og sn\u00f8freser"},"content":{"rendered":"<p>Forbered deg p\u00e5 vinteren! Den nyutviklede Axion 950 har omfattende innovasjoner innen funksjon, kontroller og utgang. I kombinasjon med de nye BRUDER-kjettingene for ekstra grep p\u00e5 is og sn\u00f8 og den installerte, h\u00f8ydejusterbare sn\u00f8freseren, blir det en barnelek \u00e5 rydde selv store mengder sn\u00f8 fra veiene. F\u00f8rerhuset er helglass og d\u00f8rer samt panser er \u00e5pne for \u00e5 gi den realistiske f\u00f8lelsen n\u00e5r du leker. Takket v\u00e6re rattforlengelsen er traktoren lett \u00e5 styre fra utsiden og den justerbare fresetrommelen inkludert justerbart utkast gj\u00f8r at selv store sn\u00f8mengder enkelt kan h\u00e5ndteres. Kj\u00f8ret\u00f8yet er kompatibelt med alle tilhengere i Pro-serien takket v\u00e6re den justerbare bakkoblingen.<\/p>\n","protected":false},"excerpt":{"rendered":"<p>Bruder<\/p>\n","protected":false},"featured_media":0,"template":"","meta":{"content-type":"","_monsterinsights_skip_tracking":false,"_monsterinsights_sitenote_active":false,"_monsterinsights_sitenote_note":"","_monsterinsights_sitenote_category":0},"product_brand":[],"product_cat":[1705],"product_tag":[],"brand":[],"target-group":[],"discontinued":[],"class_list":{"0":"post-357234","1":"product","2":"type-product","3":"status-archive","5":"product_cat-bruder-leker","7":"first","8":"outofstock","9":"taxable","10":"shipping-taxable","11":"product-type-simple"},"aioseo_notices":[],"_links":{"self":[{"href":"https:\/\/games.tactic.net\/no\/wp-json\/wp\/v2\/product\/357234","targetHints":{"allow":["GET"]}}],"collection":[{"href":"https:\/\/games.tactic.net\/no\/wp-json\/wp\/v2\/product"}],"about":[{"href":"https:\/\/games.tactic.net\/no\/wp-json\/wp\/v2\/types\/product"}],"wp:attachment":[{"href":"https:\/\/games.tactic.net\/no\/wp-json\/wp\/v2\/media?parent=357234"}],"wp:term":[{"taxonomy":"product_brand","embeddable":true,"href":"https:\/\/games.tactic.net\/no\/wp-json\/wp\/v2\/product_brand?post=357234"},{"taxonomy":"product_cat","embeddable":true,"href":"https:\/\/games.tactic.net\/no\/wp-json\/wp\/v2\/product_cat?post=357234"},{"taxonomy":"product_tag","embeddable":true,"href":"https:\/\/games.tactic.net\/no\/wp-json\/wp\/v2\/product_tag?post=357234"},{"taxonomy":"brand","embeddable":true,"href":"https:\/\/games.tactic.net\/no\/wp-json\/wp\/v2\/brand?post=357234"},{"taxonomy":"target-group","embeddable":true,"href":"https:\/\/games.tactic.net\/no\/wp-json\/wp\/v2\/target-group?post=357234"},{"taxonomy":"discontinued","embeddable":true,"href":"https:\/\/games.tactic.net\/no\/wp-json\/wp\/v2\/discontinued?post=357234"}],"curies":[{"name":"wp","href":"https:\/\/api.w.org\/{rel}","templated":true}]}}